{"id":5134,"date":"2025-10-29T21:30:52","date_gmt":"2025-10-29T20:30:52","guid":{"rendered":"https:\/\/cottonhill.dk\/jul\/?post_type=product&#038;p=5134"},"modified":"2025-10-29T21:32:00","modified_gmt":"2025-10-29T20:32:00","slug":"ecooking-spapakke-7-dele","status":"publish","type":"product","link":"https:\/\/cottonhill.dk\/jul\/shop\/redhill-jul-2025\/ecooking-spapakke-7-dele\/","title":{"rendered":"Ecooking Spapakke 7 dele"},"content":{"rendered":"<div>Ecooking spapakke med 7 dele tilbyder en omfattende plejeoplevelse til b\u00e5de ansigt og krop. Denne pakke indeholder alt, hvad du beh\u00f8ver for at opn\u00e5 en sund og str\u00e5lende hud.<\/p>\n<p>Produkterne inkluderer: Natcreme, Dagcreme, Hyaluronic Serum, Cleansing Gel, Bodycare Scrub, Showergel og Bodylotion. B\u00e5de ansigt og krop f\u00e5r gl\u00e6de af dybdeg\u00e5ende rens og fugt, der holder huden sund og str\u00e5lende. S\u00e6ttet er vegansk og dermatologisk testet.<\/p><\/div>\n<p class=\"pt-4\">Vej. pris 1979 kr.<\/p>\n","protected":false},"excerpt":{"rendered":"<p>Ecooking Spapakke 7 dele<\/p>\n","protected":false},"featured_media":5013,"template":"","meta":[],"product_brand":[],"product_cat":[181],"product_tag":[],"class_list":{"0":"post-5134","1":"product","2":"type-product","3":"status-publish","4":"has-post-thumbnail","6":"product_cat-redhill-jul-2025","8":"first","9":"instock","10":"taxable","11":"shipping-taxable","12":"purchasable","13":"product-type-variable"},"_links":{"self":[{"href":"https:\/\/cottonhill.dk\/jul\/wp-json\/wp\/v2\/product\/5134","targetHints":{"allow":["GET"]}}],"collection":[{"href":"https:\/\/cottonhill.dk\/jul\/wp-json\/wp\/v2\/product"}],"about":[{"href":"https:\/\/cottonhill.dk\/jul\/wp-json\/wp\/v2\/types\/product"}],"wp:featuredmedia":[{"embeddable":true,"href":"https:\/\/cottonhill.dk\/jul\/wp-json\/wp\/v2\/media\/5013"}],"wp:attachment":[{"href":"https:\/\/cottonhill.dk\/jul\/wp-json\/wp\/v2\/media?parent=5134"}],"wp:term":[{"taxonomy":"product_brand","embeddable":true,"href":"https:\/\/cottonhill.dk\/jul\/wp-json\/wp\/v2\/product_brand?post=5134"},{"taxonomy":"product_cat","embeddable":true,"href":"https:\/\/cottonhill.dk\/jul\/wp-json\/wp\/v2\/product_cat?post=5134"},{"taxonomy":"product_tag","embeddable":true,"href":"https:\/\/cottonhill.dk\/jul\/wp-json\/wp\/v2\/product_tag?post=5134"}],"curies":[{"name":"wp","href":"https:\/\/api.w.org\/{rel}","templated":true}]}}