{"id":5124,"date":"2025-10-29T21:26:59","date_gmt":"2025-10-29T20:26:59","guid":{"rendered":"https:\/\/cottonhill.dk\/jul\/?post_type=product&#038;p=5124"},"modified":"2025-10-29T21:29:47","modified_gmt":"2025-10-29T20:29:47","slug":"miiego-moove-55-silence-over-ear-hoeretelefoner","status":"publish","type":"product","link":"https:\/\/cottonhill.dk\/jul\/shop\/redhill-jul-2025\/miiego-moove-55-silence-over-ear-hoeretelefoner\/","title":{"rendered":"MIIEGO MOOVE 55 Silence Over-Ear H\u00f8retelefoner"},"content":{"rendered":"<div>Oplev en enest\u00e5ende lydkvalitet med disse elegante og komfortable premium h\u00f8retelefoner. Med hybrid aktiv st\u00f8jreduktion (ANC) f\u00e5r du ro til fordybelse \u2013 uanset om du er p\u00e5 farten, p\u00e5 kontoret eller hjemme. Den superbl\u00f8de pasform og det fleksible design g\u00f8r dem ideelle til langvarig brug, mens det stilrene look sikrer et eksklusivt udtryk.<\/p>\n<p>Med op til 70 timers samlet batteritid og hurtigopladning er du altid klar til musik, m\u00f8der eller podcast \u2013 og klar igen p\u00e5 bare 10 minutter.<\/p>\n<p>N\u00f8glefunktioner:<br \/>\n&#8211; Hybrid aktiv st\u00f8jreduktion (ANC) \u2013 for maksimal st\u00f8jisolering<br \/>\n&#8211; Bluetooth 5.4 + ANC, SBC, AAC + AUX \u2013 moderne tr\u00e5dl\u00f8s teknologi med mulighed for kabel<br \/>\n&#8211; Tr\u00e5dl\u00f8s r\u00e6kkevidde p\u00e5 op til 15 meter<br \/>\n&#8211; Fire indbyggede mikrofoner med ENC \u2013 krystalklar opkaldskvalitet<br \/>\n&#8211; Multipoint Connect \u2013 tilslut flere enheder samtidig<br \/>\n&#8211; Foldbart og roterbart design \u2013 perfekt til rejser<br \/>\n&#8211; Batteritid: Op til 70 timer i alt \u2013 Op til 12 timer p\u00e5 \u00e9n opladning<br \/>\n&#8211; Fast charging: 10 minutters opladning = op til 12 timers brug<br \/>\n&#8211; IPX4-certificeret \u2013 modstandsdygtig over for sved og let regn<br \/>\n&#8211; Tilpas lyden via MIIEGO App\u2019en \u2013 skab din egen lydprofil<br \/>\n&#8211; Produceret i GRS-certificeret genbrugsplast \u2013 et b\u00e6redygtigt valg<br \/>\n&#8211; Inklusiv hard case rejseetui \u2013 beskytter dine h\u00f8retelefoner p\u00e5 farten<\/p><\/div>\n<p class=\"pt-4\">Vej. pris 1599 kr.<\/p>\n","protected":false},"excerpt":{"rendered":"<p>MIIEGO MOOVE 55 Silence Over-Ear H\u00f8retelefoner<\/p>\n","protected":false},"featured_media":5014,"template":"","meta":[],"product_brand":[],"product_cat":[181],"product_tag":[],"class_list":{"0":"post-5124","1":"product","2":"type-product","3":"status-publish","4":"has-post-thumbnail","6":"product_cat-redhill-jul-2025","8":"first","9":"instock","10":"taxable","11":"shipping-taxable","12":"purchasable","13":"product-type-variable"},"_links":{"self":[{"href":"https:\/\/cottonhill.dk\/jul\/wp-json\/wp\/v2\/product\/5124","targetHints":{"allow":["GET"]}}],"collection":[{"href":"https:\/\/cottonhill.dk\/jul\/wp-json\/wp\/v2\/product"}],"about":[{"href":"https:\/\/cottonhill.dk\/jul\/wp-json\/wp\/v2\/types\/product"}],"wp:featuredmedia":[{"embeddable":true,"href":"https:\/\/cottonhill.dk\/jul\/wp-json\/wp\/v2\/media\/5014"}],"wp:attachment":[{"href":"https:\/\/cottonhill.dk\/jul\/wp-json\/wp\/v2\/media?parent=5124"}],"wp:term":[{"taxonomy":"product_brand","embeddable":true,"href":"https:\/\/cottonhill.dk\/jul\/wp-json\/wp\/v2\/product_brand?post=5124"},{"taxonomy":"product_cat","embeddable":true,"href":"https:\/\/cottonhill.dk\/jul\/wp-json\/wp\/v2\/product_cat?post=5124"},{"taxonomy":"product_tag","embeddable":true,"href":"https:\/\/cottonhill.dk\/jul\/wp-json\/wp\/v2\/product_tag?post=5124"}],"curies":[{"name":"wp","href":"https:\/\/api.w.org\/{rel}","templated":true}]}}