{"id":5119,"date":"2025-10-29T21:22:57","date_gmt":"2025-10-29T20:22:57","guid":{"rendered":"https:\/\/cottonhill.dk\/jul\/?post_type=product&#038;p=5119"},"modified":"2025-11-07T09:56:44","modified_gmt":"2025-11-07T08:56:44","slug":"sackit-play-hoejtaler-oe14cm-sort","status":"publish","type":"product","link":"https:\/\/cottonhill.dk\/jul\/shop\/redhill-jul-2025\/sackit-play-hoejtaler-oe14cm-sort\/","title":{"rendered":"SACKit Play h\u00f8jtaler \u00d814cm sort"},"content":{"rendered":"<div>\n<p>SACKit Play h\u00f8jtaler i farven sort med diameter p\u00e5 14 cm. Play er den ultimative udend\u00f8rsh\u00f8jttaler, der kombinerer imponerende lydkvalitet med et vandt\u00e6t og stilrent design hvilket betyder, at den kan modst\u00e5 vand og vejr, s\u00e5 du kan nyde musikken b\u00e5de ude og inde helt uden bekymring.<\/p>\n<p>For at forst\u00e6rke din musikoplevelse kan du parre op til fem Play-h\u00f8jttalere tr\u00e5dl\u00f8st og opn\u00e5 en imponerende lydoplevelse. Play har op til 8 timers batteritid, s\u00e5 du kan nyde musikken i timevis uden at bekymre dig om str\u00f8mforsyning.<\/p>\n<p>\u2022 Med hampreb<br \/>\n\u2022 Slidst\u00e6rkt polyestertekstil<br \/>\n\u2022 ABS-kabinet<br \/>\n\u2022 Silikoneknapper<br \/>\n\u2022 Bluetooth V5.3<br \/>\n\u2022 Output power: 20W<br \/>\n\u2022 2 x h\u00f8jtalerenheder<br \/>\n\u2022 1 x bas<br \/>\n\u2022 Genopladeligt 7.4V 3000mAh batteri<br \/>\n\u2022 Op til 8 timers spilletid<br \/>\n\u2022 IP-klassificering: IPX7<br \/>\n\u2022 Op til 5 enheder kan kobles sammen<br \/>\n\u2022 Str\u00f8mindgang: DC5-2A<\/p>\n<\/div>\n<p class=\"pt-4\">Vej. pris 1499 kr.<\/p>\n","protected":false},"excerpt":{"rendered":"<p>SACKit Play h\u00f8jtaler \u00d814cm sort<\/p>\n","protected":false},"featured_media":5035,"template":"","meta":[],"product_brand":[],"product_cat":[181],"product_tag":[],"class_list":{"0":"post-5119","1":"product","2":"type-product","3":"status-publish","4":"has-post-thumbnail","6":"product_cat-redhill-jul-2025","8":"first","9":"instock","10":"taxable","11":"shipping-taxable","12":"purchasable","13":"product-type-variable"},"_links":{"self":[{"href":"https:\/\/cottonhill.dk\/jul\/wp-json\/wp\/v2\/product\/5119","targetHints":{"allow":["GET"]}}],"collection":[{"href":"https:\/\/cottonhill.dk\/jul\/wp-json\/wp\/v2\/product"}],"about":[{"href":"https:\/\/cottonhill.dk\/jul\/wp-json\/wp\/v2\/types\/product"}],"wp:featuredmedia":[{"embeddable":true,"href":"https:\/\/cottonhill.dk\/jul\/wp-json\/wp\/v2\/media\/5035"}],"wp:attachment":[{"href":"https:\/\/cottonhill.dk\/jul\/wp-json\/wp\/v2\/media?parent=5119"}],"wp:term":[{"taxonomy":"product_brand","embeddable":true,"href":"https:\/\/cottonhill.dk\/jul\/wp-json\/wp\/v2\/product_brand?post=5119"},{"taxonomy":"product_cat","embeddable":true,"href":"https:\/\/cottonhill.dk\/jul\/wp-json\/wp\/v2\/product_cat?post=5119"},{"taxonomy":"product_tag","embeddable":true,"href":"https:\/\/cottonhill.dk\/jul\/wp-json\/wp\/v2\/product_tag?post=5119"}],"curies":[{"name":"wp","href":"https:\/\/api.w.org\/{rel}","templated":true}]}}