{"id":5114,"date":"2025-10-29T21:21:32","date_gmt":"2025-10-29T20:21:32","guid":{"rendered":"https:\/\/cottonhill.dk\/jul\/?post_type=product&#038;p=5114"},"modified":"2025-10-29T21:22:38","modified_gmt":"2025-10-29T20:22:38","slug":"haws-bordgrill-m-digitalt-termometer","status":"publish","type":"product","link":"https:\/\/cottonhill.dk\/jul\/shop\/redhill-jul-2025\/haws-bordgrill-m-digitalt-termometer\/","title":{"rendered":"H\u00e2ws Bordgrill m\/digitalt termometer"},"content":{"rendered":"<div>\n<p>H\u00e2ws bord- og paninigrill med digitalt termometer. Den aftagelige grillplade giver dig nem reng\u00f8ring, mens den digitale styring med probe-sensor termometer sikrer n\u00f8jagtighed og perfektion i hvert m\u00e5ltid.<\/p>\n<p>Oplev en ny standard inden for grilloplevelser med vores kraftfulde 2000 watt grill, der er udstyret med en PFAS-fri bel\u00e6gning, hvilket betyder, at du kan nyde fordelene ved non-stick ydeevne uden bekymring om skadelige kemikalier.<\/p>\n<p>Det innovative design tillader justering af grillpladen ved 105 og 180 grader, hvilket giver dig alsidighed i tilberedningen af dine yndlingsretter. Den medf\u00f8lgende afl\u00f8bsbakke g\u00f8r reng\u00f8ringen let og bevarer den l\u00e6kre smag i dine retter.<\/p>\n<\/div>\n<p class=\"pt-4\">Vej. pris 1699 kr.<\/p>\n","protected":false},"excerpt":{"rendered":"<p>H\u00e2ws Bordgrill m\/digitalt termometer<\/p>\n","protected":false},"featured_media":5037,"template":"","meta":[],"product_brand":[],"product_cat":[181],"product_tag":[],"class_list":{"0":"post-5114","1":"product","2":"type-product","3":"status-publish","4":"has-post-thumbnail","6":"product_cat-redhill-jul-2025","8":"first","9":"instock","10":"taxable","11":"shipping-taxable","12":"purchasable","13":"product-type-variable"},"_links":{"self":[{"href":"https:\/\/cottonhill.dk\/jul\/wp-json\/wp\/v2\/product\/5114","targetHints":{"allow":["GET"]}}],"collection":[{"href":"https:\/\/cottonhill.dk\/jul\/wp-json\/wp\/v2\/product"}],"about":[{"href":"https:\/\/cottonhill.dk\/jul\/wp-json\/wp\/v2\/types\/product"}],"wp:featuredmedia":[{"embeddable":true,"href":"https:\/\/cottonhill.dk\/jul\/wp-json\/wp\/v2\/media\/5037"}],"wp:attachment":[{"href":"https:\/\/cottonhill.dk\/jul\/wp-json\/wp\/v2\/media?parent=5114"}],"wp:term":[{"taxonomy":"product_brand","embeddable":true,"href":"https:\/\/cottonhill.dk\/jul\/wp-json\/wp\/v2\/product_brand?post=5114"},{"taxonomy":"product_cat","embeddable":true,"href":"https:\/\/cottonhill.dk\/jul\/wp-json\/wp\/v2\/product_cat?post=5114"},{"taxonomy":"product_tag","embeddable":true,"href":"https:\/\/cottonhill.dk\/jul\/wp-json\/wp\/v2\/product_tag?post=5114"}],"curies":[{"name":"wp","href":"https:\/\/api.w.org\/{rel}","templated":true}]}}