{"id":5104,"date":"2025-10-29T21:17:16","date_gmt":"2025-10-29T20:17:16","guid":{"rendered":"https:\/\/cottonhill.dk\/jul\/?post_type=product&#038;p=5104"},"modified":"2025-11-04T11:58:48","modified_gmt":"2025-11-04T10:58:48","slug":"nordic-sense-robot-stoevsuger-til-stoevsuge-og-gulvvask","status":"publish","type":"product","link":"https:\/\/cottonhill.dk\/jul\/shop\/redhill-jul-2025\/nordic-sense-robot-stoevsuger-til-stoevsuge-og-gulvvask\/","title":{"rendered":"Nordic Sense Robot st\u00f8vsuger til st\u00f8vsuge og gulvvask"},"content":{"rendered":"<div>Robotst\u00f8vsuger med ladestation i farven sort til smart og effektiv reng\u00f8ring. Med en st\u00f8vbeholder p\u00e5 400 ml og en vandtank p\u00e5 150 ml kan den b\u00e5de st\u00f8vsuge og vaske gulvet i \u00e9n arbejdsgang. Tre reng\u00f8ringstilstande \u2013 Auto, Spot og Edge \u2013 tilpasser sig forskellige behov, mens anti-kollisions- og anti-fald-sensorer sikrer sikker navigation rundt i hjemmet. N\u00e5r batteriniveauet bliver lavt, returnerer st\u00f8vsugeren automatisk til sin ladestation. Den kan forcere d\u00f8rtrin op til 15 mm og har en driftstid p\u00e5 op til 70 minutter pr. opladning. Opladningen tager mellem 4 og 5 timer. Adapter, to sideb\u00f8rster, fjernbetjening og renseb\u00f8rste medf\u00f8lger.<\/p>\n<p>Kort om robotst\u00f8vsugerens funktioner:<br \/>\n\u2022 Vandtank p\u00e5 150 ml til gulvvask<br \/>\n\u2022 St\u00f8vbeholder p\u00e5 400 ml<br \/>\n\u2022 Anti-kollisionssensor<br \/>\n\u2022 Ladestation til automatisk opladning<\/p><\/div>\n<p class=\"pt-4\">Vej. pris 1299 kr.<\/p>\n","protected":false},"excerpt":{"rendered":"<p>Nordic Sense Robot st\u00f8vsuger til st\u00f8vsuge og gulvvask<\/p>\n","protected":false},"featured_media":5019,"template":"","meta":[],"product_brand":[],"product_cat":[181],"product_tag":[],"class_list":{"0":"post-5104","1":"product","2":"type-product","3":"status-publish","4":"has-post-thumbnail","6":"product_cat-redhill-jul-2025","8":"first","9":"instock","10":"taxable","11":"shipping-taxable","12":"purchasable","13":"product-type-variable"},"_links":{"self":[{"href":"https:\/\/cottonhill.dk\/jul\/wp-json\/wp\/v2\/product\/5104","targetHints":{"allow":["GET"]}}],"collection":[{"href":"https:\/\/cottonhill.dk\/jul\/wp-json\/wp\/v2\/product"}],"about":[{"href":"https:\/\/cottonhill.dk\/jul\/wp-json\/wp\/v2\/types\/product"}],"wp:featuredmedia":[{"embeddable":true,"href":"https:\/\/cottonhill.dk\/jul\/wp-json\/wp\/v2\/media\/5019"}],"wp:attachment":[{"href":"https:\/\/cottonhill.dk\/jul\/wp-json\/wp\/v2\/media?parent=5104"}],"wp:term":[{"taxonomy":"product_brand","embeddable":true,"href":"https:\/\/cottonhill.dk\/jul\/wp-json\/wp\/v2\/product_brand?post=5104"},{"taxonomy":"product_cat","embeddable":true,"href":"https:\/\/cottonhill.dk\/jul\/wp-json\/wp\/v2\/product_cat?post=5104"},{"taxonomy":"product_tag","embeddable":true,"href":"https:\/\/cottonhill.dk\/jul\/wp-json\/wp\/v2\/product_tag?post=5104"}],"curies":[{"name":"wp","href":"https:\/\/api.w.org\/{rel}","templated":true}]}}