{"id":5099,"date":"2025-10-29T21:16:06","date_gmt":"2025-10-29T20:16:06","guid":{"rendered":"https:\/\/cottonhill.dk\/jul\/?post_type=product&#038;p=5099"},"modified":"2025-10-29T21:17:03","modified_gmt":"2025-10-29T20:17:03","slug":"weber-igrill-2-termometer","status":"publish","type":"product","link":"https:\/\/cottonhill.dk\/jul\/shop\/redhill-jul-2025\/weber-igrill-2-termometer\/","title":{"rendered":"Weber iGrill 2 termometer"},"content":{"rendered":"<div>\n<p>Weber iGrill 2 instant-read termometer er et app-forbundet termometer, som g\u00f8r det nemt at f\u00f8lge kernetemperaturen fra start til slut i op til 4 stykker k\u00f8d samtidig. M\u00e5l med ekstra pr\u00e6cision, hvor gennemstegt din b\u00f8f er uden at sk\u00e6re i k\u00f8det. Termometeret parres nemt med din mobile enhed via Webers iGrill-app og giver dig besked, n\u00e5r maden har opn\u00e5et den ideelle stegningsgrad. iGrill 2 er desuden udstyret med et display med LED-temperaturvisning, hvilket betyder, at du ikke l\u00e6ngere beh\u00f8ver at l\u00f8fte l\u00e5get p\u00e5 din grill eller r\u00f8geovn (smoker) og afbryde tilberedningsprocessen for at tjekke temperaturen. Uanset om du er en erfaren grillmester eller bare griller en gang imellem, har det aldrig v\u00e6ret nemmere at lave det perfekte m\u00e5ltid.<\/p>\n<p>Grill uden g\u00e6tteri, og opn\u00e5 den ideelle stegningsgrad uden hele tiden at skulle kontrollere k\u00f8det. Brug det digitale iGrill 2-termometer til at holde styr p\u00e5 op til fire stykker k\u00f8d samtidigt, s\u00e5 k\u00f8det bliver stegt, helt som du vil have det. Dette magnetmonterede termometer med 200 timers batterilevetid og en tr\u00e5dl\u00f8s forbindelse med 45 meters r\u00e6kkevidde er udstyret med to farvekodede k\u00f8dtemperaturf\u00f8lere i professionel kvalitet. Der er mulighed for at tilslutte op til 4 temperaturf\u00f8lere.<\/p>\n<p>Kompatibel med Apple iOS 11.1 eller nyere, iPhone 4S eller nyere, iPad 3. generation eller nyere, iPad mini og iPod touch 6. generation eller nyere samt de fleste Android-smartphones med Android 6.0 eller nyere og Bluetooth 4.0 eller nyere.<\/p>\n<p>Bem\u00e6rk: Nogle smartphones eller tablets er ikke kompatible med Webers iGrill-app, herunder: iPhone 4, iPad 1. eller 2. generation samt telefoner fra Huawei.<\/p>\n<\/div>\n<p class=\"pt-4\">Vej. pris 1298 kr.<\/p>\n","protected":false},"excerpt":{"rendered":"<p>Weber iGrill 2 termometer<\/p>\n","protected":false},"featured_media":5033,"template":"","meta":[],"product_brand":[],"product_cat":[181],"product_tag":[],"class_list":{"0":"post-5099","1":"product","2":"type-product","3":"status-publish","4":"has-post-thumbnail","6":"product_cat-redhill-jul-2025","8":"first","9":"instock","10":"taxable","11":"shipping-taxable","12":"purchasable","13":"product-type-variable"},"_links":{"self":[{"href":"https:\/\/cottonhill.dk\/jul\/wp-json\/wp\/v2\/product\/5099","targetHints":{"allow":["GET"]}}],"collection":[{"href":"https:\/\/cottonhill.dk\/jul\/wp-json\/wp\/v2\/product"}],"about":[{"href":"https:\/\/cottonhill.dk\/jul\/wp-json\/wp\/v2\/types\/product"}],"wp:featuredmedia":[{"embeddable":true,"href":"https:\/\/cottonhill.dk\/jul\/wp-json\/wp\/v2\/media\/5033"}],"wp:attachment":[{"href":"https:\/\/cottonhill.dk\/jul\/wp-json\/wp\/v2\/media?parent=5099"}],"wp:term":[{"taxonomy":"product_brand","embeddable":true,"href":"https:\/\/cottonhill.dk\/jul\/wp-json\/wp\/v2\/product_brand?post=5099"},{"taxonomy":"product_cat","embeddable":true,"href":"https:\/\/cottonhill.dk\/jul\/wp-json\/wp\/v2\/product_cat?post=5099"},{"taxonomy":"product_tag","embeddable":true,"href":"https:\/\/cottonhill.dk\/jul\/wp-json\/wp\/v2\/product_tag?post=5099"}],"curies":[{"name":"wp","href":"https:\/\/api.w.org\/{rel}","templated":true}]}}