{"id":5094,"date":"2025-10-29T21:14:44","date_gmt":"2025-10-29T20:14:44","guid":{"rendered":"https:\/\/cottonhill.dk\/jul\/?post_type=product&#038;p=5094"},"modified":"2025-10-31T14:43:09","modified_gmt":"2025-10-31T13:43:09","slug":"weber-stoebejernsstegegryde-2-i-1","status":"publish","type":"product","link":"https:\/\/cottonhill.dk\/jul\/shop\/redhill-jul-2025\/weber-stoebejernsstegegryde-2-i-1\/","title":{"rendered":"Weber St\u00f8bejernsstegegryde 2-i-1"},"content":{"rendered":"<div>\n<p>Denne robuste stegegryde fra Weber \u00e5bner op for utallige kulinariske muligheder \u2013 hvad enten du bruger den p\u00e5 grillen, i ovnen eller direkte over b\u00e5l.<\/p>\n<p>Med sine 6,8 liter er den ideel til alt fra saftige stege til velsmagende supper og gryderetter. Det smarte l\u00e5g har dobbelt funktion og kan ogs\u00e5 anvendes som en flad stegeplade \u2013 perfekt til sandwich, kyllingebryst eller grillede gr\u00f8ntsager.<\/p>\n<p>Den slidst\u00e6rke porcel\u00e6nsemaljerede overflade sikrer nem reng\u00f8ring og lang holdbarhed.<\/p>\n<p>Kapacitet: 6,8 liter<br \/>\nM\u00e5l: H\u00f8jde: 12,5 cm \u00b7 Bredde: 42,5 cm \u00b7 Dybde: 33,5 cm<\/p>\n<\/div>\n<p class=\"pt-4\">Vej. pris 1299 kr.<\/p>\n","protected":false},"excerpt":{"rendered":"<p>Weber St\u00f8bejernsstegegryde 2-i-1<\/p>\n","protected":false},"featured_media":5027,"template":"","meta":[],"product_brand":[],"product_cat":[181],"product_tag":[],"class_list":{"0":"post-5094","1":"product","2":"type-product","3":"status-publish","4":"has-post-thumbnail","6":"product_cat-redhill-jul-2025","8":"first","9":"instock","10":"taxable","11":"shipping-taxable","12":"purchasable","13":"product-type-variable"},"_links":{"self":[{"href":"https:\/\/cottonhill.dk\/jul\/wp-json\/wp\/v2\/product\/5094","targetHints":{"allow":["GET"]}}],"collection":[{"href":"https:\/\/cottonhill.dk\/jul\/wp-json\/wp\/v2\/product"}],"about":[{"href":"https:\/\/cottonhill.dk\/jul\/wp-json\/wp\/v2\/types\/product"}],"wp:featuredmedia":[{"embeddable":true,"href":"https:\/\/cottonhill.dk\/jul\/wp-json\/wp\/v2\/media\/5027"}],"wp:attachment":[{"href":"https:\/\/cottonhill.dk\/jul\/wp-json\/wp\/v2\/media?parent=5094"}],"wp:term":[{"taxonomy":"product_brand","embeddable":true,"href":"https:\/\/cottonhill.dk\/jul\/wp-json\/wp\/v2\/product_brand?post=5094"},{"taxonomy":"product_cat","embeddable":true,"href":"https:\/\/cottonhill.dk\/jul\/wp-json\/wp\/v2\/product_cat?post=5094"},{"taxonomy":"product_tag","embeddable":true,"href":"https:\/\/cottonhill.dk\/jul\/wp-json\/wp\/v2\/product_tag?post=5094"}],"curies":[{"name":"wp","href":"https:\/\/api.w.org\/{rel}","templated":true}]}}