{"id":5089,"date":"2025-10-29T21:13:19","date_gmt":"2025-10-29T20:13:19","guid":{"rendered":"https:\/\/cottonhill.dk\/jul\/?post_type=product&#038;p=5089"},"modified":"2025-10-29T21:14:34","modified_gmt":"2025-10-29T20:14:34","slug":"eva-trio-grydesaet-rustfrit-staal-112236l","status":"publish","type":"product","link":"https:\/\/cottonhill.dk\/jul\/shop\/redhill-jul-2025\/eva-trio-grydesaet-rustfrit-staal-112236l\/","title":{"rendered":"Eva Trio Grydes\u00e6t Rustfrit st\u00e5l 1,1+2,2+3,6l"},"content":{"rendered":"<div>\n<p>Eva Trio grydes\u00e6t i rustfrit st\u00e5l indeholder tre gryder i st\u00f8rrelserne 1,1 liter, 2,2 liter og 3,6 liter, hvilket g\u00f8r det nemt at im\u00f8dekomme forskellige madlavningsbehov fra indkogte saucer til store simreretter.<\/p>\n<p>Gryderne er fremstillet af 90 procent genanvendt post-consumer rustfrit st\u00e5l, hvilket sikrer et slidst\u00e6rkt produkt, der er let at reng\u00f8re. Designet er baseret p\u00e5 det klassiske Ole Palsby\/Eva Trio design fra 1977, hvilket betyder, at eksisterende Eva Trio l\u00e5g kan anvendes sammen med disse gryder. De kan bruges p\u00e5 alle varmekilder, inklusive induktion, og t\u00e5ler maskinopvask, hvilket g\u00f8r dem praktiske i en travl hverdag.<\/p>\n<\/div>\n<p class=\"pt-4\">Vej. pris 1750 kr.<\/p>\n","protected":false},"excerpt":{"rendered":"<p>Eva Trio Grydes\u00e6t Rustfrit st\u00e5l 1,1+2,2+3,6l<\/p>\n","protected":false},"featured_media":5011,"template":"","meta":[],"product_brand":[],"product_cat":[181],"product_tag":[],"class_list":{"0":"post-5089","1":"product","2":"type-product","3":"status-publish","4":"has-post-thumbnail","6":"product_cat-redhill-jul-2025","8":"first","9":"instock","10":"taxable","11":"shipping-taxable","12":"purchasable","13":"product-type-variable"},"_links":{"self":[{"href":"https:\/\/cottonhill.dk\/jul\/wp-json\/wp\/v2\/product\/5089","targetHints":{"allow":["GET"]}}],"collection":[{"href":"https:\/\/cottonhill.dk\/jul\/wp-json\/wp\/v2\/product"}],"about":[{"href":"https:\/\/cottonhill.dk\/jul\/wp-json\/wp\/v2\/types\/product"}],"wp:featuredmedia":[{"embeddable":true,"href":"https:\/\/cottonhill.dk\/jul\/wp-json\/wp\/v2\/media\/5011"}],"wp:attachment":[{"href":"https:\/\/cottonhill.dk\/jul\/wp-json\/wp\/v2\/media?parent=5089"}],"wp:term":[{"taxonomy":"product_brand","embeddable":true,"href":"https:\/\/cottonhill.dk\/jul\/wp-json\/wp\/v2\/product_brand?post=5089"},{"taxonomy":"product_cat","embeddable":true,"href":"https:\/\/cottonhill.dk\/jul\/wp-json\/wp\/v2\/product_cat?post=5089"},{"taxonomy":"product_tag","embeddable":true,"href":"https:\/\/cottonhill.dk\/jul\/wp-json\/wp\/v2\/product_tag?post=5089"}],"curies":[{"name":"wp","href":"https:\/\/api.w.org\/{rel}","templated":true}]}}