{"id":5052,"date":"2025-10-29T20:51:44","date_gmt":"2025-10-29T19:51:44","guid":{"rendered":"https:\/\/cottonhill.dk\/jul\/?post_type=product&#038;p=5052"},"modified":"2025-10-29T20:54:36","modified_gmt":"2025-10-29T19:54:36","slug":"zone-denmark-oblong-bordlampe-oe14x18cm","status":"publish","type":"product","link":"https:\/\/cottonhill.dk\/jul\/shop\/redhill-jul-2024\/zone-denmark-oblong-bordlampe-oe14x18cm\/","title":{"rendered":"Zone Denmark Oblong bordlampe \u00d8:14x18cm"},"content":{"rendered":"<div>Med sin skandinaviske enkelhed og skinnende blanke overflade er Oblong-lampen ikke bange for at tiltr\u00e6kke sig opm\u00e6rksomhed. De geometriske former giver den et ikonisk st\u00e6rkt udtryk.<\/p>\n<p>Du bestemmer p\u00e5 hvilken led lampen skal st\u00e5, og dermed om den skal v\u00e6re bred eller smal. Du t\u00e6nder via den diskrete knap p\u00e5 forsiden, og lyskeglen er behageligt spredt og nedadpeget, s\u00e5 den ikke bl\u00e6nder. Den har tre forskellige lysniveauer, afh\u00e6ngig af om du \u00f8nsker lys til l\u00e6sefunktion eller ren dekoration, fx p\u00e5 reol, hylde eller i et vindue.<\/p>\n<p>Designteamet VE2 har udformet lampen. Lampen t\u00e5ler en tur udenfor, men b\u00f8r opbevares inde. Batteritiden er op til otte timer ved fuld lysstyrke og oplades let via medf\u00f8lgende mini-USB.<\/p><\/div>\n<p class=\"pt-4\">Vej. pris 999 kr.<\/p>\n","protected":false},"excerpt":{"rendered":"<p>Zone Denmark Oblong bordlampe \u00d8:14x18cm<\/p>\n","protected":false},"featured_media":5021,"template":"","meta":[],"product_brand":[],"product_cat":[180],"product_tag":[],"class_list":{"0":"post-5052","1":"product","2":"type-product","3":"status-publish","4":"has-post-thumbnail","6":"product_cat-redhill-jul-2024","8":"first","9":"instock","10":"taxable","11":"shipping-taxable","12":"purchasable","13":"product-type-variable"},"_links":{"self":[{"href":"https:\/\/cottonhill.dk\/jul\/wp-json\/wp\/v2\/product\/5052","targetHints":{"allow":["GET"]}}],"collection":[{"href":"https:\/\/cottonhill.dk\/jul\/wp-json\/wp\/v2\/product"}],"about":[{"href":"https:\/\/cottonhill.dk\/jul\/wp-json\/wp\/v2\/types\/product"}],"wp:featuredmedia":[{"embeddable":true,"href":"https:\/\/cottonhill.dk\/jul\/wp-json\/wp\/v2\/media\/5021"}],"wp:attachment":[{"href":"https:\/\/cottonhill.dk\/jul\/wp-json\/wp\/v2\/media?parent=5052"}],"wp:term":[{"taxonomy":"product_brand","embeddable":true,"href":"https:\/\/cottonhill.dk\/jul\/wp-json\/wp\/v2\/product_brand?post=5052"},{"taxonomy":"product_cat","embeddable":true,"href":"https:\/\/cottonhill.dk\/jul\/wp-json\/wp\/v2\/product_cat?post=5052"},{"taxonomy":"product_tag","embeddable":true,"href":"https:\/\/cottonhill.dk\/jul\/wp-json\/wp\/v2\/product_tag?post=5052"}],"curies":[{"name":"wp","href":"https:\/\/api.w.org\/{rel}","templated":true}]}}