{"id":5042,"date":"2025-10-29T20:48:11","date_gmt":"2025-10-29T19:48:11","guid":{"rendered":"https:\/\/cottonhill.dk\/jul\/?post_type=product&#038;p=5042"},"modified":"2025-10-29T20:49:26","modified_gmt":"2025-10-29T19:49:26","slug":"haws-koekkenmaskine-5l-mat-sort","status":"publish","type":"product","link":"https:\/\/cottonhill.dk\/jul\/shop\/redhill-jul-2025\/haws-koekkenmaskine-5l-mat-sort\/","title":{"rendered":"Haws K\u00f8kkenmaskine 5L mat sort"},"content":{"rendered":"<div>\n<p>G\u00f8r madlavningen b\u00e5de nemmere og mere elegant med H\u00e2ws k\u00f8kkenmaskine i et tidl\u00f8st matsort design. Med en kraftfuld motor p\u00e5 hele 1200W klarer den nemt b\u00e5de at r\u00f8re, piske og \u00e6lte \u2013 uanset om du bager br\u00f8d, laver fl\u00f8deskum eller r\u00f8rer en dej.<\/p>\n<p>Maskinen har 6 justerbare hastigheder, s\u00e5 du altid har fuld kontrol over processen og kan tilpasse den pr\u00e6cist til dine ingredienser. Den gennemt\u00e6nkte konstruktion g\u00f8r den ekstra brugervenlig \u2013 blandt andet med et praktisk plastl\u00e5g med p\u00e5fyldningshul, s\u00e5 du nemt kan tilf\u00f8je ingredienser undervejs uden at stoppe maskinen.<\/p>\n<p>H\u00e2ws k\u00f8kkenmaskinen er den ideelle hj\u00e6lper i ethvert moderne k\u00f8kken \u2013 funktionel, kraftfuld og designet til hverdagsbrug.<\/p>\n<p>&#8211; 5 L rustfri st\u00e5l sk\u00e5l<br \/>\n&#8211; Redskaber med teflon<br \/>\n&#8211; 6 hastigheder + puls<br \/>\n&#8211; Plastsk\u00e6rm med hul<br \/>\n&#8211; Vippearm<\/p>\n<\/div>\n<p class=\"pt-4\">Vej. pris 1299 kr.<\/p>\n","protected":false},"excerpt":{"rendered":"<p>Haws K\u00f8kkenmaskine<\/p>\n","protected":false},"featured_media":5031,"template":"","meta":[],"product_brand":[],"product_cat":[181],"product_tag":[],"class_list":{"0":"post-5042","1":"product","2":"type-product","3":"status-publish","4":"has-post-thumbnail","6":"product_cat-redhill-jul-2025","8":"first","9":"instock","10":"taxable","11":"shipping-taxable","12":"purchasable","13":"product-type-variable"},"_links":{"self":[{"href":"https:\/\/cottonhill.dk\/jul\/wp-json\/wp\/v2\/product\/5042","targetHints":{"allow":["GET"]}}],"collection":[{"href":"https:\/\/cottonhill.dk\/jul\/wp-json\/wp\/v2\/product"}],"about":[{"href":"https:\/\/cottonhill.dk\/jul\/wp-json\/wp\/v2\/types\/product"}],"wp:featuredmedia":[{"embeddable":true,"href":"https:\/\/cottonhill.dk\/jul\/wp-json\/wp\/v2\/media\/5031"}],"wp:attachment":[{"href":"https:\/\/cottonhill.dk\/jul\/wp-json\/wp\/v2\/media?parent=5042"}],"wp:term":[{"taxonomy":"product_brand","embeddable":true,"href":"https:\/\/cottonhill.dk\/jul\/wp-json\/wp\/v2\/product_brand?post=5042"},{"taxonomy":"product_cat","embeddable":true,"href":"https:\/\/cottonhill.dk\/jul\/wp-json\/wp\/v2\/product_cat?post=5042"},{"taxonomy":"product_tag","embeddable":true,"href":"https:\/\/cottonhill.dk\/jul\/wp-json\/wp\/v2\/product_tag?post=5042"}],"curies":[{"name":"wp","href":"https:\/\/api.w.org\/{rel}","templated":true}]}}