{"id":4861,"date":"2023-10-25T09:20:16","date_gmt":"2023-10-25T08:20:16","guid":{"rendered":"https:\/\/cottonhill.dk\/jul\/?post_type=product&#038;p=4861"},"modified":"2025-10-29T21:21:23","modified_gmt":"2025-10-29T20:21:23","slug":"markberg-more-weekend-taske-josephine-toilettaske-sort","status":"publish","type":"product","link":"https:\/\/cottonhill.dk\/jul\/shop\/redhill-jul-2025\/markberg-more-weekend-taske-josephine-toilettaske-sort\/","title":{"rendered":"Markberg More Weekend taske + Josephine Toilettaske Sort"},"content":{"rendered":"<div>G\u00f8r weekendturen komplet med More Weekend Bag og Josephine Toiletry Bag \u2013 to uundv\u00e6rlige rejsemakkere fra Markberg, der forener funktionalitet, \u00e6stetik og ansvarlig produktion i \u00e9t samlet udtryk.<\/p>\n<p>Begge produkter er fremstillet af 100% genanvendt plastik \u2013 b\u00e5de det ydre materiale og foret. Materialet er GRS-certificeret (Global Recycled Standard), hvilket er den h\u00f8jeste standard for genanvendte tekstiler og en garanti for milj\u00f8ansvarlig og sporbar produktion.<\/p>\n<p>More Weekend Bag:<br \/>\nEn rummelig og funktionel weekendtaske, perfekt til korte ture og stor nok til det hele \u2013 uden at g\u00e5 p\u00e5 kompromis med designet.<\/p>\n<p>&#8211; St\u00f8rrelse: B 50 cm x H 31 cm x D 21 cm<br \/>\n&#8211; Farve: Sort<br \/>\n&#8211; Materiale: 100% genanvendt polyester<\/p>\n<p>Josephine Toiletry Bag:<br \/>\nMatch din weekendtaske med denne rummelige og veldesignede toilettaske. Den giver dig overblik over dine toiletsager og fuldender dit b\u00e6redygtige rejsekit.<\/p>\n<p>&#8211; St\u00f8rrelse: B 27 cm x H 15 cm x D 12 cm<br \/>\n&#8211; Farve: Sort<br \/>\n&#8211; Materiale: 100% genanvendt polyester<\/p><\/div>\n<p class=\"pt-4\">Vej. pris 1498 kr.<\/p>\n","protected":false},"excerpt":{"rendered":"<p>Markberg More Weekend taske + Josephine Toilettaske Sort<\/p>\n","protected":false},"featured_media":5012,"template":"","meta":[],"product_brand":[],"product_cat":[181],"product_tag":[],"class_list":{"0":"post-4861","1":"product","2":"type-product","3":"status-publish","4":"has-post-thumbnail","6":"product_cat-redhill-jul-2025","8":"first","9":"instock","10":"taxable","11":"shipping-taxable","12":"purchasable","13":"product-type-variable"},"_links":{"self":[{"href":"https:\/\/cottonhill.dk\/jul\/wp-json\/wp\/v2\/product\/4861","targetHints":{"allow":["GET"]}}],"collection":[{"href":"https:\/\/cottonhill.dk\/jul\/wp-json\/wp\/v2\/product"}],"about":[{"href":"https:\/\/cottonhill.dk\/jul\/wp-json\/wp\/v2\/types\/product"}],"wp:featuredmedia":[{"embeddable":true,"href":"https:\/\/cottonhill.dk\/jul\/wp-json\/wp\/v2\/media\/5012"}],"wp:attachment":[{"href":"https:\/\/cottonhill.dk\/jul\/wp-json\/wp\/v2\/media?parent=4861"}],"wp:term":[{"taxonomy":"product_brand","embeddable":true,"href":"https:\/\/cottonhill.dk\/jul\/wp-json\/wp\/v2\/product_brand?post=4861"},{"taxonomy":"product_cat","embeddable":true,"href":"https:\/\/cottonhill.dk\/jul\/wp-json\/wp\/v2\/product_cat?post=4861"},{"taxonomy":"product_tag","embeddable":true,"href":"https:\/\/cottonhill.dk\/jul\/wp-json\/wp\/v2\/product_tag?post=4861"}],"curies":[{"name":"wp","href":"https:\/\/api.w.org\/{rel}","templated":true}]}}