{"id":4851,"date":"2023-10-25T09:15:57","date_gmt":"2023-10-25T08:15:57","guid":{"rendered":"https:\/\/cottonhill.dk\/jul\/?post_type=product&#038;p=4851"},"modified":"2025-10-29T21:12:23","modified_gmt":"2025-10-29T20:12:23","slug":"blackdecker-18v-li-ion-slagboremaskine-med-1-5ah-batteri-og-400ma-oplader","status":"publish","type":"product","link":"https:\/\/cottonhill.dk\/jul\/shop\/redhill-jul-2025\/blackdecker-18v-li-ion-slagboremaskine-med-1-5ah-batteri-og-400ma-oplader\/","title":{"rendered":"Black+Decker 18V Li-Ion Slagboremaskine med 1.5Ah batteri og 400mA oplader"},"content":{"rendered":"<div>Denne slagboremaskine har kraften og hastigheden til at bore i tr\u00e6, metal og til alle skrueopgaver samt slagfunktion til boring i murv\u00e6rk og beton.<br \/>\n\u2022 2 Gears &#8211; H\u00f8j hastighed ved boring i tr\u00e6 og st\u00e5l, lav hastighed til kontrolleret skruning<br \/>\nEn h\u00f8jtydende 18V Li-Ion slagboremaskine 2 gears. Den kraftfulde slagboremaskine har en slagfunktion p\u00e5 21000 slag\/min til hurtig og effektiv boring. Har 11 momentindstilling til pr\u00e6cis boring i tr\u00e6, metal, plastic og alle skrueopgaver. LED arbejdslyset giver godt udsyn n\u00e5r der arbejdes i m\u00f8rke omr\u00e5der.Ekstra funktioner<br \/>\n\u2022 11 momentindstillinger giver pr\u00e6cis kontrol ved boring i tr\u00e6, metal, plastik og alle skrueopgaver.<br \/>\n\u2022 Lithium Ion batteri holder over 80% af str\u00f8mmen i over 90 dage n\u00e5r den ikke er i brug. Ingen behov for opladning f\u00f8r brug.<br \/>\n\u2022 Variabel hastighed til ultimativ kontrol ved alle bore- og skrueopgaver.<br \/>\n\u2022 Fjederp\u00e5virket slidepack batteri for hurtigt skifte samt optimal batterif\u00e6ste.<br \/>\n\u2022 Gummigreb for \u00f8get komfort<br \/>\n\u2022 LED arbejdslys oplyser arbejdsomr\u00e5det n\u00e5r boremaskinen er i brug.<\/p>\n<p>Anvendelser<br \/>\n\u2022 Til alle boreopgaver i murv\u00e6rk op til 10mm<br \/>\n\u2022 Til alle boreopgaver i tr\u00e6 op til 25mm<br \/>\n\u2022 Til alle boreopgaver i metal op til 10mm<br \/>\n\u2022 Samling af saml selv-m\u00f8bler<br \/>\n\u2022 Oph\u00e6ngning af hylder, gardinst\u00e6nger og persienner<\/p>\n<\/div>\n<p class=\"pt-4\">Vej. pris 899 kr.<\/p>\n","protected":false},"excerpt":{"rendered":"<p>Black+Decker 18V Li-Ion Slagboremaskine med 1.5Ah batteri og 400mA oplader<\/p>\n","protected":false},"featured_media":5026,"template":"","meta":[],"product_brand":[],"product_cat":[181],"product_tag":[],"class_list":{"0":"post-4851","1":"product","2":"type-product","3":"status-publish","4":"has-post-thumbnail","6":"product_cat-redhill-jul-2025","8":"first","9":"instock","10":"taxable","11":"shipping-taxable","12":"purchasable","13":"product-type-variable"},"_links":{"self":[{"href":"https:\/\/cottonhill.dk\/jul\/wp-json\/wp\/v2\/product\/4851","targetHints":{"allow":["GET"]}}],"collection":[{"href":"https:\/\/cottonhill.dk\/jul\/wp-json\/wp\/v2\/product"}],"about":[{"href":"https:\/\/cottonhill.dk\/jul\/wp-json\/wp\/v2\/types\/product"}],"wp:featuredmedia":[{"embeddable":true,"href":"https:\/\/cottonhill.dk\/jul\/wp-json\/wp\/v2\/media\/5026"}],"wp:attachment":[{"href":"https:\/\/cottonhill.dk\/jul\/wp-json\/wp\/v2\/media?parent=4851"}],"wp:term":[{"taxonomy":"product_brand","embeddable":true,"href":"https:\/\/cottonhill.dk\/jul\/wp-json\/wp\/v2\/product_brand?post=4851"},{"taxonomy":"product_cat","embeddable":true,"href":"https:\/\/cottonhill.dk\/jul\/wp-json\/wp\/v2\/product_cat?post=4851"},{"taxonomy":"product_tag","embeddable":true,"href":"https:\/\/cottonhill.dk\/jul\/wp-json\/wp\/v2\/product_tag?post=4851"}],"curies":[{"name":"wp","href":"https:\/\/api.w.org\/{rel}","templated":true}]}}