{"id":4718,"date":"2023-10-24T06:43:48","date_gmt":"2023-10-24T05:43:48","guid":{"rendered":"https:\/\/cottonhill.dk\/jul\/?post_type=product&#038;p=4718"},"modified":"2025-10-29T21:03:49","modified_gmt":"2025-10-29T20:03:49","slug":"eva-trio-legio-nova-ovnfaste-fade-3-stk","status":"publish","type":"product","link":"https:\/\/cottonhill.dk\/jul\/shop\/redhill-jul-2025\/eva-trio-legio-nova-ovnfaste-fade-3-stk\/","title":{"rendered":"Eva Trio Legio Nova ovnfaste fade 3 stk."},"content":{"rendered":"<div>\n<p>Eva Trio Legio Nova ovnfaste fade i farven hvid. S\u00e6ttet best\u00e5r af tre fade, som m\u00e5ler henholdsvis 37 x 30 cm, 24,5 x 30,5 cm og 16,5 x 24 cm.<\/p>\n<p>Ovnfast fad med Legio Nova-stellets karakteristiske rille pynter p\u00e5 bordet, samtidig er de praktiske med mange anvendelsesmuligheder, fra ovn- og grillretter til frugt og salat.<\/p>\n<p>De flade kanter sikrer et godt greb, og fadet kan g\u00e5 fra fryser til ovn eller s\u00e6ttes direkte p\u00e5 grillen. Legio Nova har 10 \u00e5rs porcel\u00e6nsgaranti og t\u00e5ler b\u00e5de ovn, mikroovn, fryser og maskinopvask.<\/p>\n<\/div>\n<p class=\"pt-4\">Vej. pris 1350 kr.<\/p>\n","protected":false},"excerpt":{"rendered":"<p>Eva Trio Legio Nova ovnfaste fade 3 stk.<\/p>\n","protected":false},"featured_media":4953,"template":"","meta":[],"product_brand":[],"product_cat":[181],"product_tag":[],"class_list":{"0":"post-4718","1":"product","2":"type-product","3":"status-publish","4":"has-post-thumbnail","6":"product_cat-redhill-jul-2025","8":"first","9":"instock","10":"taxable","11":"shipping-taxable","12":"purchasable","13":"product-type-variable"},"_links":{"self":[{"href":"https:\/\/cottonhill.dk\/jul\/wp-json\/wp\/v2\/product\/4718","targetHints":{"allow":["GET"]}}],"collection":[{"href":"https:\/\/cottonhill.dk\/jul\/wp-json\/wp\/v2\/product"}],"about":[{"href":"https:\/\/cottonhill.dk\/jul\/wp-json\/wp\/v2\/types\/product"}],"wp:featuredmedia":[{"embeddable":true,"href":"https:\/\/cottonhill.dk\/jul\/wp-json\/wp\/v2\/media\/4953"}],"wp:attachment":[{"href":"https:\/\/cottonhill.dk\/jul\/wp-json\/wp\/v2\/media?parent=4718"}],"wp:term":[{"taxonomy":"product_brand","embeddable":true,"href":"https:\/\/cottonhill.dk\/jul\/wp-json\/wp\/v2\/product_brand?post=4718"},{"taxonomy":"product_cat","embeddable":true,"href":"https:\/\/cottonhill.dk\/jul\/wp-json\/wp\/v2\/product_cat?post=4718"},{"taxonomy":"product_tag","embeddable":true,"href":"https:\/\/cottonhill.dk\/jul\/wp-json\/wp\/v2\/product_tag?post=4718"}],"curies":[{"name":"wp","href":"https:\/\/api.w.org\/{rel}","templated":true}]}}