{"id":4713,"date":"2023-10-24T06:43:47","date_gmt":"2023-10-24T05:43:47","guid":{"rendered":"https:\/\/cottonhill.dk\/jul\/?post_type=product&#038;p=4713"},"modified":"2025-10-29T21:00:55","modified_gmt":"2025-10-29T20:00:55","slug":"lion-sabatier-pluton-knivsaet-5-dele-staal-matsort","status":"publish","type":"product","link":"https:\/\/cottonhill.dk\/jul\/shop\/redhill-jul-2025\/lion-sabatier-pluton-knivsaet-5-dele-staal-matsort\/","title":{"rendered":"Lion Sabatier Pluton knivs\u00e6t 5 dele st\u00e5l\/matsort"},"content":{"rendered":"<div>\n<p>Lion Sabatier knivs\u00e6t Pluton er superskarpe og ekstremt modstandsdygtige klinger af rustfrit st\u00e5l. Knivene er helsmedet i \u00e9t stykke metal fra knivspids til bunden af skaftet. Materialet er h\u00e5rdt rustfast st\u00e5l med et h\u00f8jt kulindhold, som g\u00f8r knivene nemme at vedligeholde. Skaftet er produceret i POM, som g\u00f8r kniven robust og sej, og er sat p\u00e5 med tre gennemg\u00e5ende st\u00e5lnitter.<\/p>\n<p>S\u00e6ttet indeholder urtekniv 9 cm, tomatkniv 13 cm, santokukniv 18 cm, br\u00f8dkniv 20 cm og kokkekniv 20 cm.<\/p>\n<\/div>\n<p class=\"pt-4\">Vej. pris 1799 kr.<\/p>\n","protected":false},"excerpt":{"rendered":"<p>Lion Sabatier Pluton knivs\u00e6t 5 dele<\/p>\n","protected":false},"featured_media":5032,"template":"","meta":[],"product_brand":[],"product_cat":[181],"product_tag":[],"class_list":{"0":"post-4713","1":"product","2":"type-product","3":"status-publish","4":"has-post-thumbnail","6":"product_cat-redhill-jul-2025","8":"first","9":"instock","10":"taxable","11":"shipping-taxable","12":"purchasable","13":"product-type-variable"},"_links":{"self":[{"href":"https:\/\/cottonhill.dk\/jul\/wp-json\/wp\/v2\/product\/4713","targetHints":{"allow":["GET"]}}],"collection":[{"href":"https:\/\/cottonhill.dk\/jul\/wp-json\/wp\/v2\/product"}],"about":[{"href":"https:\/\/cottonhill.dk\/jul\/wp-json\/wp\/v2\/types\/product"}],"wp:featuredmedia":[{"embeddable":true,"href":"https:\/\/cottonhill.dk\/jul\/wp-json\/wp\/v2\/media\/5032"}],"wp:attachment":[{"href":"https:\/\/cottonhill.dk\/jul\/wp-json\/wp\/v2\/media?parent=4713"}],"wp:term":[{"taxonomy":"product_brand","embeddable":true,"href":"https:\/\/cottonhill.dk\/jul\/wp-json\/wp\/v2\/product_brand?post=4713"},{"taxonomy":"product_cat","embeddable":true,"href":"https:\/\/cottonhill.dk\/jul\/wp-json\/wp\/v2\/product_cat?post=4713"},{"taxonomy":"product_tag","embeddable":true,"href":"https:\/\/cottonhill.dk\/jul\/wp-json\/wp\/v2\/product_tag?post=4713"}],"curies":[{"name":"wp","href":"https:\/\/api.w.org\/{rel}","templated":true}]}}