{"id":4712,"date":"2023-10-24T06:43:47","date_gmt":"2023-10-24T05:43:47","guid":{"rendered":"https:\/\/cottonhill.dk\/jul\/?post_type=product&#038;p=4712"},"modified":"2025-11-05T17:01:24","modified_gmt":"2025-11-05T16:01:24","slug":"aristo-arezzo-baalfad-sort-oe59xh21cm","status":"publish","type":"product","link":"https:\/\/cottonhill.dk\/jul\/shop\/redhill-jul-2025\/aristo-arezzo-baalfad-sort-oe59xh21cm\/","title":{"rendered":"Aristo Arezzo b\u00e5lfad Sort \u00d8:59xH:21cm"},"content":{"rendered":"<div>\n<p>Aristo Arezzo b\u00e5lfad er et flot og rummligt b\u00e5lfad i sort st\u00f8bejern. Fadet har en diameter p\u00e5 \u00d8: 59 cm og er fremstillet i robust st\u00f8bejern, der sikrer langvarig holdbarhed og stabilitet. Med en rummelig st\u00f8rrelse kan det nemt rumme st\u00f8rre br\u00e6ndestykker, hvilket g\u00f8r det perfekt til at skabe en hyggelig og varm atmosf\u00e6re i haven eller p\u00e5 terrassen. Den elegante fod l\u00f8fter b\u00e5lfadet fra underlaget, hvilket ikke kun skaber et visuelt tiltalende udtryk, men ogs\u00e5 beskytter underlaget mod direkte varme.<\/p>\n<p>St\u00f8bejernet t\u00e5ler h\u00f8je temperaturer, men det anbefales, at det opvarmes og nedk\u00f8les langsomt for at sikre optimal ydeevne og levetid. Over tid vil b\u00e5lfadet udvikle en naturlig patina med rust, hvilket bidrager til dets rustikke charme.<\/p>\n<\/div>\n<p class=\"pt-4\">Vej. pris 1299 kr.<\/p>\n","protected":false},"excerpt":{"rendered":"<p>Aristo Arezzo b\u00e5lfad Sort \u00d8:59xH:21cm<\/p>\n","protected":false},"featured_media":5017,"template":"","meta":[],"product_brand":[],"product_cat":[181],"product_tag":[],"class_list":{"0":"post-4712","1":"product","2":"type-product","3":"status-publish","4":"has-post-thumbnail","6":"product_cat-redhill-jul-2025","8":"first","9":"instock","10":"taxable","11":"shipping-taxable","12":"purchasable","13":"product-type-variable"},"_links":{"self":[{"href":"https:\/\/cottonhill.dk\/jul\/wp-json\/wp\/v2\/product\/4712","targetHints":{"allow":["GET"]}}],"collection":[{"href":"https:\/\/cottonhill.dk\/jul\/wp-json\/wp\/v2\/product"}],"about":[{"href":"https:\/\/cottonhill.dk\/jul\/wp-json\/wp\/v2\/types\/product"}],"wp:featuredmedia":[{"embeddable":true,"href":"https:\/\/cottonhill.dk\/jul\/wp-json\/wp\/v2\/media\/5017"}],"wp:attachment":[{"href":"https:\/\/cottonhill.dk\/jul\/wp-json\/wp\/v2\/media?parent=4712"}],"wp:term":[{"taxonomy":"product_brand","embeddable":true,"href":"https:\/\/cottonhill.dk\/jul\/wp-json\/wp\/v2\/product_brand?post=4712"},{"taxonomy":"product_cat","embeddable":true,"href":"https:\/\/cottonhill.dk\/jul\/wp-json\/wp\/v2\/product_cat?post=4712"},{"taxonomy":"product_tag","embeddable":true,"href":"https:\/\/cottonhill.dk\/jul\/wp-json\/wp\/v2\/product_tag?post=4712"}],"curies":[{"name":"wp","href":"https:\/\/api.w.org\/{rel}","templated":true}]}}