{"id":4711,"date":"2023-10-24T06:43:46","date_gmt":"2023-10-24T05:43:46","guid":{"rendered":"https:\/\/cottonhill.dk\/jul\/?post_type=product&#038;p=4711"},"modified":"2025-10-29T21:08:36","modified_gmt":"2025-10-29T20:08:36","slug":"haws-infraroed-saunataeppe-180x80cm","status":"publish","type":"product","link":"https:\/\/cottonhill.dk\/jul\/shop\/redhill-jul-2025\/haws-infraroed-saunataeppe-180x80cm\/","title":{"rendered":"H\u00e2ws Infrar\u00f8d saunat\u00e6ppe 180x80cm"},"content":{"rendered":"<div>H\u00e2ws infrar\u00f8d saunat\u00e6ppe i m\u00e5let 180 x 80 cm til den ultimative afslapning og wellnessoplevelse. Med en effekt p\u00e5 110 240V\/50Hz\/650W\/5A bringer dette t\u00e6ppe den varme, du har brug for, direkte til dig.<\/p>\n<p>Den justerbare tid og temperatur giver dig fuld kontrol over din saunaoplevelse, s\u00e5 du kan tilpasse den til dine pr\u00e6ferencer. Med to infrar\u00f8de zoner og en fjernbetjening kan du nemt justere t\u00e6ppets funktioner.<\/p>\n<p>En timer p\u00e5 30 minutter og en temperaturindstilling fra 35-80 grader sikrer den ideelle oplevelse. Og med auto stop-funktionen kan du slappe af uden bekymringer. H\u00e2ws saunat\u00e6ppe er let at pakke sammen og gemme v\u00e6k, og dens stilfulde s\u00f8lvfarve passer ind i enhver indretning.<\/p><\/div>\n<p class=\"pt-4\">Vej. pris 1799 kr.<\/p>\n","protected":false},"excerpt":{"rendered":"<p>H\u00e2ws Infrar\u00f8d saunat\u00e6ppe 180x80cm<\/p>\n","protected":false},"featured_media":5036,"template":"","meta":[],"product_brand":[],"product_cat":[181],"product_tag":[],"class_list":{"0":"post-4711","1":"product","2":"type-product","3":"status-publish","4":"has-post-thumbnail","6":"product_cat-redhill-jul-2025","8":"first","9":"instock","10":"taxable","11":"shipping-taxable","12":"purchasable","13":"product-type-variable"},"_links":{"self":[{"href":"https:\/\/cottonhill.dk\/jul\/wp-json\/wp\/v2\/product\/4711","targetHints":{"allow":["GET"]}}],"collection":[{"href":"https:\/\/cottonhill.dk\/jul\/wp-json\/wp\/v2\/product"}],"about":[{"href":"https:\/\/cottonhill.dk\/jul\/wp-json\/wp\/v2\/types\/product"}],"wp:featuredmedia":[{"embeddable":true,"href":"https:\/\/cottonhill.dk\/jul\/wp-json\/wp\/v2\/media\/5036"}],"wp:attachment":[{"href":"https:\/\/cottonhill.dk\/jul\/wp-json\/wp\/v2\/media?parent=4711"}],"wp:term":[{"taxonomy":"product_brand","embeddable":true,"href":"https:\/\/cottonhill.dk\/jul\/wp-json\/wp\/v2\/product_brand?post=4711"},{"taxonomy":"product_cat","embeddable":true,"href":"https:\/\/cottonhill.dk\/jul\/wp-json\/wp\/v2\/product_cat?post=4711"},{"taxonomy":"product_tag","embeddable":true,"href":"https:\/\/cottonhill.dk\/jul\/wp-json\/wp\/v2\/product_tag?post=4711"}],"curies":[{"name":"wp","href":"https:\/\/api.w.org\/{rel}","templated":true}]}}