{"id":4692,"date":"2023-10-24T06:43:41","date_gmt":"2023-10-24T05:43:41","guid":{"rendered":"https:\/\/cottonhill.dk\/jul\/?post_type=product&#038;p=4692"},"modified":"2025-10-31T14:40:35","modified_gmt":"2025-10-31T13:40:35","slug":"sodahl-mette-ditmer-sengetoej-2-saet","status":"publish","type":"product","link":"https:\/\/cottonhill.dk\/jul\/shop\/redhill-jul-2025\/sodahl-mette-ditmer-sengetoej-2-saet\/","title":{"rendered":"S\u00f6dahl\/Mette Ditmer Senget\u00f8j 2 s\u00e6t"},"content":{"rendered":"<div>\n<p>Fork\u00e6l dig selv med det luksuri\u00f8se Whisper-senget\u00f8j s\u00e6t fra S\u00f6dahl i farve stone grey, eller COLORE Senget\u00f8j fra Mette Ditmer i farve light blue, som forvandler dit sovev\u00e6relse til en oase af komfort. Senget\u00f8jet er 100% \u00f8kologisk bomuld og Svanem\u00e6rket i en klassisk percale-v\u00e6vning, der giver et unikt spr\u00f8dt og t\u00e6t stof, med praktisk lynl\u00e5s i pude- og dynebetr\u00e6k.<\/p>\n<p>&nbsp;<\/p>\n<\/div>\n<p>V\u00e6lg mellem st\u00f8rrelser 140 x 200 cm eller 140 x 220 cm og farverne Stone og Light Blue.<\/p>\n<p>Vejl. pris 1490 kr.<\/p>\n","protected":false},"excerpt":{"rendered":"<p>Senget\u00f8j 2 s\u00e6t<\/p>\n","protected":false},"featured_media":5018,"template":"","meta":[],"product_brand":[],"product_cat":[181],"product_tag":[],"class_list":{"0":"post-4692","1":"product","2":"type-product","3":"status-publish","4":"has-post-thumbnail","6":"product_cat-redhill-jul-2025","8":"first","9":"instock","10":"taxable","11":"shipping-taxable","12":"purchasable","13":"product-type-variable"},"_links":{"self":[{"href":"https:\/\/cottonhill.dk\/jul\/wp-json\/wp\/v2\/product\/4692","targetHints":{"allow":["GET"]}}],"collection":[{"href":"https:\/\/cottonhill.dk\/jul\/wp-json\/wp\/v2\/product"}],"about":[{"href":"https:\/\/cottonhill.dk\/jul\/wp-json\/wp\/v2\/types\/product"}],"wp:featuredmedia":[{"embeddable":true,"href":"https:\/\/cottonhill.dk\/jul\/wp-json\/wp\/v2\/media\/5018"}],"wp:attachment":[{"href":"https:\/\/cottonhill.dk\/jul\/wp-json\/wp\/v2\/media?parent=4692"}],"wp:term":[{"taxonomy":"product_brand","embeddable":true,"href":"https:\/\/cottonhill.dk\/jul\/wp-json\/wp\/v2\/product_brand?post=4692"},{"taxonomy":"product_cat","embeddable":true,"href":"https:\/\/cottonhill.dk\/jul\/wp-json\/wp\/v2\/product_cat?post=4692"},{"taxonomy":"product_tag","embeddable":true,"href":"https:\/\/cottonhill.dk\/jul\/wp-json\/wp\/v2\/product_tag?post=4692"}],"curies":[{"name":"wp","href":"https:\/\/api.w.org\/{rel}","templated":true}]}}