{"id":13493,"date":"2025-06-24T21:06:51","date_gmt":"2025-06-24T20:06:51","guid":{"rendered":"https:\/\/cottonhill.dk\/hfe\/?post_type=product&#038;p=13493"},"modified":"2026-03-16T16:15:12","modified_gmt":"2026-03-16T15:15:12","slug":"maalmandsshorts-lysblaa-2025","status":"publish","type":"product","link":"https:\/\/cottonhill.dk\/hfe\/shop\/kamptoej\/maalmandsshorts-lysblaa-2025\/","title":{"rendered":"M\u00e5lmandsshorts &#8211; Lysbl\u00e5 2025"},"content":{"rendered":"<p>M\u00e5lmandsshorts fra Adidas i Lysbl\u00e5.<br \/>\nInkl. muligheder for tilvalg af diverse logo og sponsortryk.<\/p>\n","protected":false},"excerpt":{"rendered":"<p>Adidas M\u00e5lmandsshorts<\/p>\n","protected":false},"featured_media":12861,"template":"","meta":{"_acf_changed":false},"product_brand":[],"product_cat":[282],"product_tag":[],"class_list":{"0":"post-13493","1":"product","2":"type-product","3":"status-publish","4":"has-post-thumbnail","6":"product_cat-kamptoej","8":"first","9":"instock","10":"taxable","11":"shipping-taxable","12":"purchasable","13":"product-type-variable"},"acf":[],"_links":{"self":[{"href":"https:\/\/cottonhill.dk\/hfe\/wp-json\/wp\/v2\/product\/13493","targetHints":{"allow":["GET"]}}],"collection":[{"href":"https:\/\/cottonhill.dk\/hfe\/wp-json\/wp\/v2\/product"}],"about":[{"href":"https:\/\/cottonhill.dk\/hfe\/wp-json\/wp\/v2\/types\/product"}],"wp:featuredmedia":[{"embeddable":true,"href":"https:\/\/cottonhill.dk\/hfe\/wp-json\/wp\/v2\/media\/12861"}],"wp:attachment":[{"href":"https:\/\/cottonhill.dk\/hfe\/wp-json\/wp\/v2\/media?parent=13493"}],"wp:term":[{"taxonomy":"product_brand","embeddable":true,"href":"https:\/\/cottonhill.dk\/hfe\/wp-json\/wp\/v2\/product_brand?post=13493"},{"taxonomy":"product_cat","embeddable":true,"href":"https:\/\/cottonhill.dk\/hfe\/wp-json\/wp\/v2\/product_cat?post=13493"},{"taxonomy":"product_tag","embeddable":true,"href":"https:\/\/cottonhill.dk\/hfe\/wp-json\/wp\/v2\/product_tag?post=13493"}],"curies":[{"name":"wp","href":"https:\/\/api.w.org\/{rel}","templated":true}]}}