{"id":13472,"date":"2025-06-24T21:06:26","date_gmt":"2025-06-24T20:06:26","guid":{"rendered":"https:\/\/cottonhill.dk\/hfe\/?post_type=product&#038;p=13472"},"modified":"2026-03-16T16:16:22","modified_gmt":"2026-03-16T15:16:22","slug":"maalmandstroeje-lysblaa-2025","status":"publish","type":"product","link":"https:\/\/cottonhill.dk\/hfe\/shop\/kamptoej\/maalmandstroeje-lysblaa-2025\/","title":{"rendered":"M\u00e5lmandstr\u00f8je &#8211; Lysbl\u00e5 2025"},"content":{"rendered":"<p>M\u00e5lmandstr\u00f8je fra Adidas i Lysbl\u00e5.<br \/>\nInkl. muligheder for tilvalg af diverse logo, sponsortryk, tal og navn.<\/p>\n","protected":false},"excerpt":{"rendered":"<p>Adidas M\u00e5lmandstr\u00f8je<\/p>\n","protected":false},"featured_media":12855,"template":"","meta":{"_acf_changed":false},"product_brand":[],"product_cat":[282],"product_tag":[],"class_list":{"0":"post-13472","1":"product","2":"type-product","3":"status-publish","4":"has-post-thumbnail","6":"product_cat-kamptoej","8":"first","9":"instock","10":"taxable","11":"shipping-taxable","12":"purchasable","13":"product-type-variable"},"acf":[],"_links":{"self":[{"href":"https:\/\/cottonhill.dk\/hfe\/wp-json\/wp\/v2\/product\/13472","targetHints":{"allow":["GET"]}}],"collection":[{"href":"https:\/\/cottonhill.dk\/hfe\/wp-json\/wp\/v2\/product"}],"about":[{"href":"https:\/\/cottonhill.dk\/hfe\/wp-json\/wp\/v2\/types\/product"}],"wp:featuredmedia":[{"embeddable":true,"href":"https:\/\/cottonhill.dk\/hfe\/wp-json\/wp\/v2\/media\/12855"}],"wp:attachment":[{"href":"https:\/\/cottonhill.dk\/hfe\/wp-json\/wp\/v2\/media?parent=13472"}],"wp:term":[{"taxonomy":"product_brand","embeddable":true,"href":"https:\/\/cottonhill.dk\/hfe\/wp-json\/wp\/v2\/product_brand?post=13472"},{"taxonomy":"product_cat","embeddable":true,"href":"https:\/\/cottonhill.dk\/hfe\/wp-json\/wp\/v2\/product_cat?post=13472"},{"taxonomy":"product_tag","embeddable":true,"href":"https:\/\/cottonhill.dk\/hfe\/wp-json\/wp\/v2\/product_tag?post=13472"}],"curies":[{"name":"wp","href":"https:\/\/api.w.org\/{rel}","templated":true}]}}