{"id":13372,"date":"2025-01-07T10:36:30","date_gmt":"2025-01-07T09:36:30","guid":{"rendered":"https:\/\/cottonhill.dk\/hfe\/?post_type=product&#038;p=13372"},"modified":"2025-01-07T14:08:22","modified_gmt":"2025-01-07T13:08:22","slug":"t-shirt-bomuld-traener","status":"publish","type":"product","link":"https:\/\/cottonhill.dk\/hfe\/shop\/traeningstoej-traener\/t-shirt-bomuld-traener\/","title":{"rendered":"T-shirt bomuld &#8211; Tr\u00e6ner"},"content":{"rendered":"<p>Ekstra slidst\u00e6rk T-shirt i en lettere metervare. Fire-lags halsrib, nakke- og skulderb\u00e5nd og nakkespejl. T-shirten har gennemg\u00e5et en forkrympningsproces ved meget h\u00f8je temperaturer, b\u00e5de f\u00f8r og efter indfarvning, for ekstra stabilitet og lang levetid.<br \/>\nInkl. muligheder for tilvalg af diverse logo, sponsortryk og initialer.<\/p>\n<p>Regular pasform<\/p>\n<p>Materiale: 50% bomuld \/ 50% polyester<br \/>\nV\u00e6gt: 175 g\/m2<\/p>\n","protected":false},"excerpt":{"rendered":"<p>Kvalitets T-shirt<\/p>\n","protected":false},"featured_media":13380,"template":"","meta":{"_acf_changed":false},"product_brand":[],"product_cat":[380],"product_tag":[],"class_list":{"0":"post-13372","1":"product","2":"type-product","3":"status-publish","4":"has-post-thumbnail","6":"product_cat-traeningstoej-traener","8":"first","9":"instock","10":"taxable","11":"shipping-taxable","12":"purchasable","13":"product-type-variable"},"acf":[],"_links":{"self":[{"href":"https:\/\/cottonhill.dk\/hfe\/wp-json\/wp\/v2\/product\/13372","targetHints":{"allow":["GET"]}}],"collection":[{"href":"https:\/\/cottonhill.dk\/hfe\/wp-json\/wp\/v2\/product"}],"about":[{"href":"https:\/\/cottonhill.dk\/hfe\/wp-json\/wp\/v2\/types\/product"}],"wp:featuredmedia":[{"embeddable":true,"href":"https:\/\/cottonhill.dk\/hfe\/wp-json\/wp\/v2\/media\/13380"}],"wp:attachment":[{"href":"https:\/\/cottonhill.dk\/hfe\/wp-json\/wp\/v2\/media?parent=13372"}],"wp:term":[{"taxonomy":"product_brand","embeddable":true,"href":"https:\/\/cottonhill.dk\/hfe\/wp-json\/wp\/v2\/product_brand?post=13372"},{"taxonomy":"product_cat","embeddable":true,"href":"https:\/\/cottonhill.dk\/hfe\/wp-json\/wp\/v2\/product_cat?post=13372"},{"taxonomy":"product_tag","embeddable":true,"href":"https:\/\/cottonhill.dk\/hfe\/wp-json\/wp\/v2\/product_tag?post=13372"}],"curies":[{"name":"wp","href":"https:\/\/api.w.org\/{rel}","templated":true}]}}