{"id":13251,"date":"2024-12-06T10:09:17","date_gmt":"2024-12-06T09:09:17","guid":{"rendered":"https:\/\/cottonhill.dk\/hfe\/?post_type=product&#038;p=13251"},"modified":"2024-12-06T10:12:36","modified_gmt":"2024-12-06T09:12:36","slug":"hoodie-med-lynlaas-traener","status":"publish","type":"product","link":"https:\/\/cottonhill.dk\/hfe\/shop\/traeningstoej-traener\/hoodie-med-lynlaas-traener\/","title":{"rendered":"Hoodie med lynl\u00e5s &#8211; Tr\u00e6ner"},"content":{"rendered":"<p>Klassisk h\u00e6ttesweatshirt med k\u00e6ngurulomme i ny og opdateret pasform. High-cut halsafslutning og gennemg\u00e5ende lynl\u00e5s. Sn\u00f8re i h\u00e6tte og rib ved \u00e6rme og bund. Kraftig kvalitet. Bl\u00f8d, b\u00f8rstet inderside.<br \/>\nInkl. muligheder for tilvalg af diverse logo, sponsortryk og initialer.<\/p>\n<p>Regular\/fitted pasform<\/p>\n<p>Materiale: 60% bomuld \/ 40% polyester<br \/>\nV\u00e6gt: 300 g\/m2<\/p>\n","protected":false},"excerpt":{"rendered":"<p>Kvalitets Hoodie umedlynl\u00e5s<\/p>\n","protected":false},"featured_media":13248,"template":"","meta":{"_acf_changed":false},"product_brand":[],"product_cat":[380],"product_tag":[],"class_list":{"0":"post-13251","1":"product","2":"type-product","3":"status-publish","4":"has-post-thumbnail","6":"product_cat-traeningstoej-traener","8":"first","9":"instock","10":"taxable","11":"shipping-taxable","12":"purchasable","13":"product-type-variable"},"acf":[],"_links":{"self":[{"href":"https:\/\/cottonhill.dk\/hfe\/wp-json\/wp\/v2\/product\/13251","targetHints":{"allow":["GET"]}}],"collection":[{"href":"https:\/\/cottonhill.dk\/hfe\/wp-json\/wp\/v2\/product"}],"about":[{"href":"https:\/\/cottonhill.dk\/hfe\/wp-json\/wp\/v2\/types\/product"}],"wp:featuredmedia":[{"embeddable":true,"href":"https:\/\/cottonhill.dk\/hfe\/wp-json\/wp\/v2\/media\/13248"}],"wp:attachment":[{"href":"https:\/\/cottonhill.dk\/hfe\/wp-json\/wp\/v2\/media?parent=13251"}],"wp:term":[{"taxonomy":"product_brand","embeddable":true,"href":"https:\/\/cottonhill.dk\/hfe\/wp-json\/wp\/v2\/product_brand?post=13251"},{"taxonomy":"product_cat","embeddable":true,"href":"https:\/\/cottonhill.dk\/hfe\/wp-json\/wp\/v2\/product_cat?post=13251"},{"taxonomy":"product_tag","embeddable":true,"href":"https:\/\/cottonhill.dk\/hfe\/wp-json\/wp\/v2\/product_tag?post=13251"}],"curies":[{"name":"wp","href":"https:\/\/api.w.org\/{rel}","templated":true}]}}