{"id":13224,"date":"2024-12-06T10:02:17","date_gmt":"2024-12-06T09:02:17","guid":{"rendered":"https:\/\/cottonhill.dk\/hfe\/?post_type=product&#038;p=13224"},"modified":"2024-12-06T10:13:14","modified_gmt":"2024-12-06T09:13:14","slug":"hoodie-traener","status":"publish","type":"product","link":"https:\/\/cottonhill.dk\/hfe\/shop\/traeningstoej-traener\/hoodie-traener\/","title":{"rendered":"Hoodie &#8211; Tr\u00e6ner"},"content":{"rendered":"<p>Klassisk h\u00e6ttesweatshirt med k\u00e6ngurulomme i ny og opdateret pasform. High-cut halsafslutning, sn\u00f8re i h\u00e6tte og rib ved \u00e6rme og bund. Kraftig kvalitet. Bl\u00f8d, b\u00f8rstet inderside.<br \/>\nInkl. muligheder for tilvalg af diverse logo, sponsortryk og initialer.<\/p>\n<p>Regular\/fitted pasform<\/p>\n<p>Materiale: 60% bomuld \/ 40% polyester<br \/>\nV\u00e6gt: 300 g\/m2<\/p>\n","protected":false},"excerpt":{"rendered":"<p>Kvalitets Hoodie uden lynl\u00e5s<\/p>\n","protected":false},"featured_media":13245,"template":"","meta":{"_acf_changed":false},"product_brand":[],"product_cat":[380],"product_tag":[],"class_list":{"0":"post-13224","1":"product","2":"type-product","3":"status-publish","4":"has-post-thumbnail","6":"product_cat-traeningstoej-traener","8":"first","9":"instock","10":"taxable","11":"shipping-taxable","12":"purchasable","13":"product-type-variable"},"acf":[],"_links":{"self":[{"href":"https:\/\/cottonhill.dk\/hfe\/wp-json\/wp\/v2\/product\/13224","targetHints":{"allow":["GET"]}}],"collection":[{"href":"https:\/\/cottonhill.dk\/hfe\/wp-json\/wp\/v2\/product"}],"about":[{"href":"https:\/\/cottonhill.dk\/hfe\/wp-json\/wp\/v2\/types\/product"}],"wp:featuredmedia":[{"embeddable":true,"href":"https:\/\/cottonhill.dk\/hfe\/wp-json\/wp\/v2\/media\/13245"}],"wp:attachment":[{"href":"https:\/\/cottonhill.dk\/hfe\/wp-json\/wp\/v2\/media?parent=13224"}],"wp:term":[{"taxonomy":"product_brand","embeddable":true,"href":"https:\/\/cottonhill.dk\/hfe\/wp-json\/wp\/v2\/product_brand?post=13224"},{"taxonomy":"product_cat","embeddable":true,"href":"https:\/\/cottonhill.dk\/hfe\/wp-json\/wp\/v2\/product_cat?post=13224"},{"taxonomy":"product_tag","embeddable":true,"href":"https:\/\/cottonhill.dk\/hfe\/wp-json\/wp\/v2\/product_tag?post=13224"}],"curies":[{"name":"wp","href":"https:\/\/api.w.org\/{rel}","templated":true}]}}