{"id":13178,"date":"2024-11-19T12:58:49","date_gmt":"2024-11-19T11:58:49","guid":{"rendered":"https:\/\/cottonhill.dk\/hfe\/?post_type=product&#038;p=13178"},"modified":"2024-11-19T13:00:26","modified_gmt":"2024-11-19T12:00:26","slug":"nimbus-vesper-vest-herre","status":"publish","type":"product","link":"https:\/\/cottonhill.dk\/hfe\/shop\/administration-toej\/nimbus-vesper-vest-herre\/","title":{"rendered":"Nimbus Vesper Vest Herre"},"content":{"rendered":"<p>Den alsidige hybridvest Vesper er designet til elegant lag-p\u00e5-lag styling og kombinerer f\u00f8rsteklasses design med vores ekspertise inden for overt\u00f8j.<\/p>\n<p>Med en strikket ryg bondet med fleece og strategisk placerede paneler med vattering i genanvendt polyester p\u00e5 forstykket, leverer Vesper essentiel varme, hvor du har mest brug for det.<\/p>\n<p>Vespers alsidige design passer perfekt sammen med en b\u00e5de klassisk og mere moderne stil. Herreversionen har en opretst\u00e5ende krave, og dameversionen har et feminint design med en nedringet krave.<\/p>\n<ul>\n<li>YKK metalux lynl\u00e5s<\/li>\n<li>Vattering i genanvendt polyester<\/li>\n<li>Sidelommer med lynl\u00e5s<\/li>\n<\/ul>\n","protected":false},"excerpt":{"rendered":"<p>Hybrid vest &#8211; Matcher Crescent<br \/>\nPris uden broderi &#8211; Till\u00e6g p\u00e5 fakturaen<\/p>\n","protected":false},"featured_media":13193,"template":"","meta":{"_acf_changed":false},"product_brand":[],"product_cat":[279],"product_tag":[],"class_list":{"0":"post-13178","1":"product","2":"type-product","3":"status-publish","4":"has-post-thumbnail","6":"product_cat-administration-toej","8":"first","9":"instock","10":"taxable","11":"shipping-taxable","12":"purchasable","13":"product-type-variable"},"acf":[],"_links":{"self":[{"href":"https:\/\/cottonhill.dk\/hfe\/wp-json\/wp\/v2\/product\/13178","targetHints":{"allow":["GET"]}}],"collection":[{"href":"https:\/\/cottonhill.dk\/hfe\/wp-json\/wp\/v2\/product"}],"about":[{"href":"https:\/\/cottonhill.dk\/hfe\/wp-json\/wp\/v2\/types\/product"}],"wp:featuredmedia":[{"embeddable":true,"href":"https:\/\/cottonhill.dk\/hfe\/wp-json\/wp\/v2\/media\/13193"}],"wp:attachment":[{"href":"https:\/\/cottonhill.dk\/hfe\/wp-json\/wp\/v2\/media?parent=13178"}],"wp:term":[{"taxonomy":"product_brand","embeddable":true,"href":"https:\/\/cottonhill.dk\/hfe\/wp-json\/wp\/v2\/product_brand?post=13178"},{"taxonomy":"product_cat","embeddable":true,"href":"https:\/\/cottonhill.dk\/hfe\/wp-json\/wp\/v2\/product_cat?post=13178"},{"taxonomy":"product_tag","embeddable":true,"href":"https:\/\/cottonhill.dk\/hfe\/wp-json\/wp\/v2\/product_tag?post=13178"}],"curies":[{"name":"wp","href":"https:\/\/api.w.org\/{rel}","templated":true}]}}