{"id":13162,"date":"2024-11-19T12:57:05","date_gmt":"2024-11-19T11:57:05","guid":{"rendered":"https:\/\/cottonhill.dk\/hfe\/?post_type=product&#038;p=13162"},"modified":"2024-11-19T13:01:57","modified_gmt":"2024-11-19T12:01:57","slug":"nimbus-crescent-jakke-herre","status":"publish","type":"product","link":"https:\/\/cottonhill.dk\/hfe\/shop\/administration-toej\/nimbus-crescent-jakke-herre\/","title":{"rendered":"Nimbus Crescent Jakke Herre"},"content":{"rendered":"<p>Kombinationen af et f\u00f8rsteklasses design suppleret med vores ekspertise inden for kvalitetsovert\u00f8j g\u00f8r Crescent til en alsidig hybridjakke, elegant designet til lag-p\u00e5-lag i de fleste vejrforhold.<\/p>\n<p>Med strikkede \u00e6rmer bondet med fleece og strategisk placerede paneler med vattering i genanvendt polyester p\u00e5 forstykket, giver denne luksuri\u00f8se hybridjakke essentiel varme, hvor du har mest brug for det.<\/p>\n<p>Crescent er et alsidigt stykke overt\u00f8j, der passer fint sammen med en b\u00e5de klassisk og mere moderne stil. Herreversionen har en opretst\u00e5ende krave, og dameversionen har et feminint design med en nedringet krave.<\/p>\n<ul>\n<li>YKK metalux lynl\u00e5s<\/li>\n<li>Vattering i genanvendt Polyester<\/li>\n<li>Sidelommer med lynl\u00e5s<\/li>\n<\/ul>\n","protected":false},"excerpt":{"rendered":"<p>Hybrid jakke &#8211; Matcher Vesper<br \/>\nPris uden broderi &#8211; Till\u00e6g p\u00e5 fakturaen<\/p>\n","protected":false},"featured_media":13177,"template":"","meta":{"_acf_changed":false},"product_brand":[],"product_cat":[279],"product_tag":[],"class_list":{"0":"post-13162","1":"product","2":"type-product","3":"status-publish","4":"has-post-thumbnail","6":"product_cat-administration-toej","8":"first","9":"instock","10":"taxable","11":"shipping-taxable","12":"purchasable","13":"product-type-variable"},"acf":[],"_links":{"self":[{"href":"https:\/\/cottonhill.dk\/hfe\/wp-json\/wp\/v2\/product\/13162","targetHints":{"allow":["GET"]}}],"collection":[{"href":"https:\/\/cottonhill.dk\/hfe\/wp-json\/wp\/v2\/product"}],"about":[{"href":"https:\/\/cottonhill.dk\/hfe\/wp-json\/wp\/v2\/types\/product"}],"wp:featuredmedia":[{"embeddable":true,"href":"https:\/\/cottonhill.dk\/hfe\/wp-json\/wp\/v2\/media\/13177"}],"wp:attachment":[{"href":"https:\/\/cottonhill.dk\/hfe\/wp-json\/wp\/v2\/media?parent=13162"}],"wp:term":[{"taxonomy":"product_brand","embeddable":true,"href":"https:\/\/cottonhill.dk\/hfe\/wp-json\/wp\/v2\/product_brand?post=13162"},{"taxonomy":"product_cat","embeddable":true,"href":"https:\/\/cottonhill.dk\/hfe\/wp-json\/wp\/v2\/product_cat?post=13162"},{"taxonomy":"product_tag","embeddable":true,"href":"https:\/\/cottonhill.dk\/hfe\/wp-json\/wp\/v2\/product_tag?post=13162"}],"curies":[{"name":"wp","href":"https:\/\/api.w.org\/{rel}","templated":true}]}}