{"id":13146,"date":"2024-11-19T12:54:38","date_gmt":"2024-11-19T11:54:38","guid":{"rendered":"https:\/\/cottonhill.dk\/hfe\/?post_type=product&#038;p=13146"},"modified":"2024-11-19T12:56:48","modified_gmt":"2024-11-19T11:56:48","slug":"nimbus-bloomsdale-jakke-herre","status":"publish","type":"product","link":"https:\/\/cottonhill.dk\/hfe\/shop\/administration-toej\/nimbus-bloomsdale-jakke-herre\/","title":{"rendered":"Nimbus Bloomsdale Jakke Herre"},"content":{"rendered":"<p>Hybridjakken Bloomsdale er en alsidig jakke, der er designet med udgangspunkt i en aktiv pasform, som fungerer, n\u00e5r man er p\u00e5 farten ind og ud af kontoret. Med sit stilfulde design og praktiske egenskaber, er denne jakke det perfekte valg til din garderobe.<\/p>\n<p>\u00c6rmerne og sidepanelerne, som er lavet i en softshell-metervare, tilf\u00f8rer jakken stabilitet uden at g\u00e5 p\u00e5 kompromis med v\u00e6gt og pakningsevne. Den lette Sorona\u00ae Aura fiber-vattering g\u00f8r denne jakke til en sporty og essentiel del af din hverdag. Komfortabel nok til at b\u00e6re hele dagen og stadig stilfuld nok til at opretholde et cool athleisure look.<\/p>\n<ul>\n<li>Genanvendt tekstil<\/li>\n<li>Sorona\u00ae Aura vattering<\/li>\n<li>Indvendige manchet i lycra<\/li>\n<li>Reverse lynl\u00e5s med metal puller<\/li>\n<\/ul>\n","protected":false},"excerpt":{"rendered":"<p>Hybrid jakke<br \/>\nPris uden broderi &#8211; Till\u00e6g p\u00e5 fakturaen<\/p>\n","protected":false},"featured_media":13161,"template":"","meta":{"_acf_changed":false},"product_brand":[],"product_cat":[279],"product_tag":[],"class_list":{"0":"post-13146","1":"product","2":"type-product","3":"status-publish","4":"has-post-thumbnail","6":"product_cat-administration-toej","8":"first","9":"instock","10":"taxable","11":"shipping-taxable","12":"purchasable","13":"product-type-variable"},"acf":[],"_links":{"self":[{"href":"https:\/\/cottonhill.dk\/hfe\/wp-json\/wp\/v2\/product\/13146","targetHints":{"allow":["GET"]}}],"collection":[{"href":"https:\/\/cottonhill.dk\/hfe\/wp-json\/wp\/v2\/product"}],"about":[{"href":"https:\/\/cottonhill.dk\/hfe\/wp-json\/wp\/v2\/types\/product"}],"wp:featuredmedia":[{"embeddable":true,"href":"https:\/\/cottonhill.dk\/hfe\/wp-json\/wp\/v2\/media\/13161"}],"wp:attachment":[{"href":"https:\/\/cottonhill.dk\/hfe\/wp-json\/wp\/v2\/media?parent=13146"}],"wp:term":[{"taxonomy":"product_brand","embeddable":true,"href":"https:\/\/cottonhill.dk\/hfe\/wp-json\/wp\/v2\/product_brand?post=13146"},{"taxonomy":"product_cat","embeddable":true,"href":"https:\/\/cottonhill.dk\/hfe\/wp-json\/wp\/v2\/product_cat?post=13146"},{"taxonomy":"product_tag","embeddable":true,"href":"https:\/\/cottonhill.dk\/hfe\/wp-json\/wp\/v2\/product_tag?post=13146"}],"curies":[{"name":"wp","href":"https:\/\/api.w.org\/{rel}","templated":true}]}}