{"id":13092,"date":"2024-11-19T12:39:46","date_gmt":"2024-11-19T11:39:46","guid":{"rendered":"https:\/\/cottonhill.dk\/hfe\/?post_type=product&#038;p=13092"},"modified":"2024-11-19T12:48:08","modified_gmt":"2024-11-19T11:48:08","slug":"nimbus-brighton-o-neck-herre","status":"publish","type":"product","link":"https:\/\/cottonhill.dk\/hfe\/shop\/administration-toej\/nimbus-brighton-o-neck-herre\/","title":{"rendered":"Nimbus Brighton O-neck Herre"},"content":{"rendered":"<p>Med den elegante Brighton strik vil du v\u00e6re velkl\u00e6dt uanset anledningen. Den er perfekt til b\u00e5de et casual og et mere formelt look, b\u00e5ret enten alene eller over en skjorte afh\u00e6ngig af s\u00e6sonen.<\/p>\n<p>Denne strik har et moderne fit, en elegant crewneck og er lavet i finmasket premium bomuld\/ nylon, som sikrer en mere raffineret stil og giver den en ekstra komfort samtidig med at den holder sin pasform. Herreversionen har stilfulde saddle sleeves, mens dameversionen har en elegant rib med en feminin slids i siden.<\/p>\n<ul>\n<li>Finmasket premium \u00f8kologisk bomuld\/polyamid<\/li>\n<li>God fastholdelse af pasform<\/li>\n<li>Rib ved \u00e6rmer og i krave<\/li>\n<\/ul>\n","protected":false},"excerpt":{"rendered":"<p>Strik tr\u00f8je med O-neck<br \/>\nPris uden broderi &#8211; Till\u00e6g p\u00e5 fakturaen<\/p>\n","protected":false},"featured_media":13121,"template":"","meta":{"_acf_changed":false},"product_brand":[],"product_cat":[279],"product_tag":[],"class_list":{"0":"post-13092","1":"product","2":"type-product","3":"status-publish","4":"has-post-thumbnail","6":"product_cat-administration-toej","8":"first","9":"instock","10":"taxable","11":"shipping-taxable","12":"purchasable","13":"product-type-variable"},"acf":[],"_links":{"self":[{"href":"https:\/\/cottonhill.dk\/hfe\/wp-json\/wp\/v2\/product\/13092","targetHints":{"allow":["GET"]}}],"collection":[{"href":"https:\/\/cottonhill.dk\/hfe\/wp-json\/wp\/v2\/product"}],"about":[{"href":"https:\/\/cottonhill.dk\/hfe\/wp-json\/wp\/v2\/types\/product"}],"wp:featuredmedia":[{"embeddable":true,"href":"https:\/\/cottonhill.dk\/hfe\/wp-json\/wp\/v2\/media\/13121"}],"wp:attachment":[{"href":"https:\/\/cottonhill.dk\/hfe\/wp-json\/wp\/v2\/media?parent=13092"}],"wp:term":[{"taxonomy":"product_brand","embeddable":true,"href":"https:\/\/cottonhill.dk\/hfe\/wp-json\/wp\/v2\/product_brand?post=13092"},{"taxonomy":"product_cat","embeddable":true,"href":"https:\/\/cottonhill.dk\/hfe\/wp-json\/wp\/v2\/product_cat?post=13092"},{"taxonomy":"product_tag","embeddable":true,"href":"https:\/\/cottonhill.dk\/hfe\/wp-json\/wp\/v2\/product_tag?post=13092"}],"curies":[{"name":"wp","href":"https:\/\/api.w.org\/{rel}","templated":true}]}}