{"id":13023,"date":"2024-08-27T14:58:02","date_gmt":"2024-08-27T13:58:02","guid":{"rendered":"https:\/\/cottonhill.dk\/hfe\/?post_type=product&#038;p=13023"},"modified":"2024-08-27T15:01:05","modified_gmt":"2024-08-27T14:01:05","slug":"t-shirt-v-hals-bomuld-traening-traener","status":"publish","type":"product","link":"https:\/\/cottonhill.dk\/hfe\/shop\/traeningstoej-traener\/t-shirt-v-hals-bomuld-traening-traener\/","title":{"rendered":"T-shirt V-hals bomuld Tr\u00e6ning &#8211; Tr\u00e6ner"},"content":{"rendered":"<p>Klassisk T-shirt med V-hals, fire-lags halsrib og nakke- og skulderb\u00e5nd. Holder faconen vask efter vask.<br \/>\nInkl. muligheder for tilvalg af diverse logo, sponsortryk og tal.<\/p>\n<p>Fitted pasform &#8211; G\u00e5 evt. en st\u00f8rrelse op ift. normalt.<\/p>\n<p>Materiale: 100% bomuld<br \/>\nV\u00e6gt: 175 g\/m2<\/p>\n","protected":false},"excerpt":{"rendered":"<p>Kvalitets T-shirt med V-hals<\/p>\n","protected":false},"featured_media":13030,"template":"","meta":{"_acf_changed":false},"product_brand":[],"product_cat":[380],"product_tag":[],"class_list":{"0":"post-13023","1":"product","2":"type-product","3":"status-publish","4":"has-post-thumbnail","6":"product_cat-traeningstoej-traener","8":"first","9":"instock","10":"taxable","11":"shipping-taxable","12":"purchasable","13":"product-type-variable"},"acf":[],"_links":{"self":[{"href":"https:\/\/cottonhill.dk\/hfe\/wp-json\/wp\/v2\/product\/13023","targetHints":{"allow":["GET"]}}],"collection":[{"href":"https:\/\/cottonhill.dk\/hfe\/wp-json\/wp\/v2\/product"}],"about":[{"href":"https:\/\/cottonhill.dk\/hfe\/wp-json\/wp\/v2\/types\/product"}],"wp:featuredmedia":[{"embeddable":true,"href":"https:\/\/cottonhill.dk\/hfe\/wp-json\/wp\/v2\/media\/13030"}],"wp:attachment":[{"href":"https:\/\/cottonhill.dk\/hfe\/wp-json\/wp\/v2\/media?parent=13023"}],"wp:term":[{"taxonomy":"product_brand","embeddable":true,"href":"https:\/\/cottonhill.dk\/hfe\/wp-json\/wp\/v2\/product_brand?post=13023"},{"taxonomy":"product_cat","embeddable":true,"href":"https:\/\/cottonhill.dk\/hfe\/wp-json\/wp\/v2\/product_cat?post=13023"},{"taxonomy":"product_tag","embeddable":true,"href":"https:\/\/cottonhill.dk\/hfe\/wp-json\/wp\/v2\/product_tag?post=13023"}],"curies":[{"name":"wp","href":"https:\/\/api.w.org\/{rel}","templated":true}]}}