{"id":12916,"date":"2024-07-10T06:12:56","date_gmt":"2024-07-10T05:12:56","guid":{"rendered":"https:\/\/cottonhill.dk\/hfe\/?post_type=product&#038;p=12916"},"modified":"2026-02-05T23:19:30","modified_gmt":"2026-02-05T22:19:30","slug":"troeje-traening-traener","status":"publish","type":"product","link":"https:\/\/cottonhill.dk\/hfe\/shop\/traeningstoej-traener\/troeje-traening-traener\/","title":{"rendered":"Tr\u00f8je Tr\u00e6ning &#8211; Tr\u00e6ner"},"content":{"rendered":"<p>Tr\u00e6nings Tr\u00f8je fra Adidas i Gr\u00e5.<br \/>\nInkl. muligheder for tilvalg af diverse logo, sponsportryk og tal.<\/p>\n","protected":false},"excerpt":{"rendered":"<p>Adidas Tr\u00f8je til tr\u00e6ning<\/p>\n","protected":false},"featured_media":12951,"template":"","meta":{"_acf_changed":false},"product_brand":[],"product_cat":[380],"product_tag":[],"class_list":{"0":"post-12916","1":"product","2":"type-product","3":"status-publish","4":"has-post-thumbnail","6":"product_cat-traeningstoej-traener","8":"first","9":"instock","10":"taxable","11":"shipping-taxable","12":"purchasable","13":"product-type-variable"},"acf":[],"_links":{"self":[{"href":"https:\/\/cottonhill.dk\/hfe\/wp-json\/wp\/v2\/product\/12916","targetHints":{"allow":["GET"]}}],"collection":[{"href":"https:\/\/cottonhill.dk\/hfe\/wp-json\/wp\/v2\/product"}],"about":[{"href":"https:\/\/cottonhill.dk\/hfe\/wp-json\/wp\/v2\/types\/product"}],"wp:featuredmedia":[{"embeddable":true,"href":"https:\/\/cottonhill.dk\/hfe\/wp-json\/wp\/v2\/media\/12951"}],"wp:attachment":[{"href":"https:\/\/cottonhill.dk\/hfe\/wp-json\/wp\/v2\/media?parent=12916"}],"wp:term":[{"taxonomy":"product_brand","embeddable":true,"href":"https:\/\/cottonhill.dk\/hfe\/wp-json\/wp\/v2\/product_brand?post=12916"},{"taxonomy":"product_cat","embeddable":true,"href":"https:\/\/cottonhill.dk\/hfe\/wp-json\/wp\/v2\/product_cat?post=12916"},{"taxonomy":"product_tag","embeddable":true,"href":"https:\/\/cottonhill.dk\/hfe\/wp-json\/wp\/v2\/product_tag?post=12916"}],"curies":[{"name":"wp","href":"https:\/\/api.w.org\/{rel}","templated":true}]}}