{"id":12888,"date":"2024-07-10T06:12:48","date_gmt":"2024-07-10T05:12:48","guid":{"rendered":"https:\/\/cottonhill.dk\/hfe\/?post_type=product&#038;p=12888"},"modified":"2026-02-05T23:16:44","modified_gmt":"2026-02-05T22:16:44","slug":"troeje-traening-spiller","status":"publish","type":"product","link":"https:\/\/cottonhill.dk\/hfe\/shop\/traeningstoej-spiller\/troeje-traening-spiller\/","title":{"rendered":"Tr\u00f8je Tr\u00e6ning &#8211; Spiller"},"content":{"rendered":"<p>Tr\u00e6nings Tr\u00f8je fra Adidas i Sort.<br \/>\nInkl. muligheder for tilvalg af diverse logo, sponsortryk og tal.<\/p>\n","protected":false},"excerpt":{"rendered":"<p>Adidas Tr\u00f8je til tr\u00e6ning<\/p>\n","protected":false},"featured_media":12944,"template":"","meta":{"_acf_changed":false},"product_brand":[],"product_cat":[379],"product_tag":[],"class_list":{"0":"post-12888","1":"product","2":"type-product","3":"status-publish","4":"has-post-thumbnail","6":"product_cat-traeningstoej-spiller","8":"first","9":"instock","10":"taxable","11":"shipping-taxable","12":"purchasable","13":"product-type-variable"},"acf":[],"_links":{"self":[{"href":"https:\/\/cottonhill.dk\/hfe\/wp-json\/wp\/v2\/product\/12888","targetHints":{"allow":["GET"]}}],"collection":[{"href":"https:\/\/cottonhill.dk\/hfe\/wp-json\/wp\/v2\/product"}],"about":[{"href":"https:\/\/cottonhill.dk\/hfe\/wp-json\/wp\/v2\/types\/product"}],"wp:featuredmedia":[{"embeddable":true,"href":"https:\/\/cottonhill.dk\/hfe\/wp-json\/wp\/v2\/media\/12944"}],"wp:attachment":[{"href":"https:\/\/cottonhill.dk\/hfe\/wp-json\/wp\/v2\/media?parent=12888"}],"wp:term":[{"taxonomy":"product_brand","embeddable":true,"href":"https:\/\/cottonhill.dk\/hfe\/wp-json\/wp\/v2\/product_brand?post=12888"},{"taxonomy":"product_cat","embeddable":true,"href":"https:\/\/cottonhill.dk\/hfe\/wp-json\/wp\/v2\/product_cat?post=12888"},{"taxonomy":"product_tag","embeddable":true,"href":"https:\/\/cottonhill.dk\/hfe\/wp-json\/wp\/v2\/product_tag?post=12888"}],"curies":[{"name":"wp","href":"https:\/\/api.w.org\/{rel}","templated":true}]}}