{"id":12284,"date":"2024-06-18T16:53:12","date_gmt":"2024-06-18T15:53:12","guid":{"rendered":"https:\/\/cottonhill.dk\/hfe\/?post_type=product&#038;p=12284"},"modified":"2024-12-06T10:14:15","modified_gmt":"2024-12-06T09:14:15","slug":"game-stretch-poloshirt-herre-stab","status":"publish","type":"product","link":"https:\/\/cottonhill.dk\/hfe\/shop\/staff-toej\/game-stretch-poloshirt-herre-stab\/","title":{"rendered":"GAME Stretch Poloshirt &#8211; Stab"},"content":{"rendered":"<p>Klassisk poloshirt med forbedret pasform i pigu\u00e9kvalitet med stretch. Nakkeb\u00e5nd, nakkespejl og stolpe med tone i tone-knapper. Minimal krymp.<br \/>\nInkl. klublogo i farve p\u00e5 venstre bryst, sponsorlogo p\u00e5 h\u00f8jre \u00e6rme og mulighed for sponsorlogo p\u00e5 ryg.<\/p>\n<p>Materiale: 95% bomuld, 5% elastan<br \/>\nV\u00e6gt: 210-220 g\/m2<\/p>\n","protected":false},"excerpt":{"rendered":"<p>Klassisk Poloshirt med stretch &#8211; Stab<\/p>\n","protected":false},"featured_media":12023,"template":"","meta":{"_acf_changed":false},"product_brand":[],"product_cat":[280],"product_tag":[],"class_list":{"0":"post-12284","1":"product","2":"type-product","3":"status-publish","4":"has-post-thumbnail","6":"product_cat-staff-toej","7":"pa_klublogo-hfefarve","8":"pa_klublogo-hfehvid","9":"pa_sponsoraermestab-redhill","10":"pa_sponsorrygstab-secma","12":"first","13":"instock","14":"taxable","15":"shipping-taxable","16":"purchasable","17":"product-type-variable","18":"has-default-attributes"},"acf":[],"_links":{"self":[{"href":"https:\/\/cottonhill.dk\/hfe\/wp-json\/wp\/v2\/product\/12284","targetHints":{"allow":["GET"]}}],"collection":[{"href":"https:\/\/cottonhill.dk\/hfe\/wp-json\/wp\/v2\/product"}],"about":[{"href":"https:\/\/cottonhill.dk\/hfe\/wp-json\/wp\/v2\/types\/product"}],"wp:featuredmedia":[{"embeddable":true,"href":"https:\/\/cottonhill.dk\/hfe\/wp-json\/wp\/v2\/media\/12023"}],"wp:attachment":[{"href":"https:\/\/cottonhill.dk\/hfe\/wp-json\/wp\/v2\/media?parent=12284"}],"wp:term":[{"taxonomy":"product_brand","embeddable":true,"href":"https:\/\/cottonhill.dk\/hfe\/wp-json\/wp\/v2\/product_brand?post=12284"},{"taxonomy":"product_cat","embeddable":true,"href":"https:\/\/cottonhill.dk\/hfe\/wp-json\/wp\/v2\/product_cat?post=12284"},{"taxonomy":"product_tag","embeddable":true,"href":"https:\/\/cottonhill.dk\/hfe\/wp-json\/wp\/v2\/product_tag?post=12284"}],"curies":[{"name":"wp","href":"https:\/\/api.w.org\/{rel}","templated":true}]}}