{"id":12274,"date":"2024-06-18T16:53:10","date_gmt":"2024-06-18T15:53:10","guid":{"rendered":"https:\/\/cottonhill.dk\/hfe\/?post_type=product&#038;p=12274"},"modified":"2025-03-03T15:15:59","modified_gmt":"2025-03-03T14:15:59","slug":"t-time-t-shirt-opvarmning-odk","status":"publish","type":"product","link":"https:\/\/cottonhill.dk\/hfe\/shop\/spiller-toej\/t-time-t-shirt-opvarmning-odk\/","title":{"rendered":"T-Time T-shirt &#8211; Opvarmning &#8211; Redhill"},"content":{"rendered":"<p>Klassisk T-shirt med rund hals, fire-lags halsrib og nakke- og skulderb\u00e5nd. Holder faconen vask efter vask.<br \/>\nInkl. klublogo i hvid p\u00e5 venstre bryst, sponsorlogo p\u00e5 h\u00f8jre bryst \u00e6rme og sponsorlogo p\u00e5 ryg.<\/p>\n<p>Materiale: 100% bomuld<br \/>\nV\u00e6gt: 175 g\/m2<\/p>\n","protected":false},"excerpt":{"rendered":"<p>Kvalitets T-shirt<\/p>\n","protected":false},"featured_media":13432,"template":"","meta":{"_acf_changed":false},"product_brand":[],"product_cat":[281],"product_tag":[],"class_list":{"0":"post-12274","1":"product","2":"type-product","3":"status-publish","4":"has-post-thumbnail","6":"product_cat-spiller-toej","8":"first","9":"instock","10":"taxable","11":"shipping-taxable","12":"purchasable","13":"product-type-variable"},"acf":[],"_links":{"self":[{"href":"https:\/\/cottonhill.dk\/hfe\/wp-json\/wp\/v2\/product\/12274","targetHints":{"allow":["GET"]}}],"collection":[{"href":"https:\/\/cottonhill.dk\/hfe\/wp-json\/wp\/v2\/product"}],"about":[{"href":"https:\/\/cottonhill.dk\/hfe\/wp-json\/wp\/v2\/types\/product"}],"wp:featuredmedia":[{"embeddable":true,"href":"https:\/\/cottonhill.dk\/hfe\/wp-json\/wp\/v2\/media\/13432"}],"wp:attachment":[{"href":"https:\/\/cottonhill.dk\/hfe\/wp-json\/wp\/v2\/media?parent=12274"}],"wp:term":[{"taxonomy":"product_brand","embeddable":true,"href":"https:\/\/cottonhill.dk\/hfe\/wp-json\/wp\/v2\/product_brand?post=12274"},{"taxonomy":"product_cat","embeddable":true,"href":"https:\/\/cottonhill.dk\/hfe\/wp-json\/wp\/v2\/product_cat?post=12274"},{"taxonomy":"product_tag","embeddable":true,"href":"https:\/\/cottonhill.dk\/hfe\/wp-json\/wp\/v2\/product_tag?post=12274"}],"curies":[{"name":"wp","href":"https:\/\/api.w.org\/{rel}","templated":true}]}}