{"id":12263,"date":"2024-06-18T16:53:08","date_gmt":"2024-06-18T15:53:08","guid":{"rendered":"https:\/\/cottonhill.dk\/hfe\/?post_type=product&#038;p=12263"},"modified":"2024-06-20T11:46:37","modified_gmt":"2024-06-20T10:46:37","slug":"t-time-t-shirt-stab","status":"publish","type":"product","link":"https:\/\/cottonhill.dk\/hfe\/shop\/staff-toej\/t-time-t-shirt-stab\/","title":{"rendered":"T-Time T-shirt &#8211; Stab"},"content":{"rendered":"<p>Klassisk T-shirt med rund hals, fire-lags halsrib og nakke- og skulderb\u00e5nd. Holder faconen vask efter vask.<br \/>\nInkl. klublogo i hvid p\u00e5 venstre bryst, sponsorlogo p\u00e5 h\u00f8jre \u00e6rme og mulighed for sponsorlogo p\u00e5 ryg.<\/p>\n<p>Materiale: 100% bomuld<br \/>\nV\u00e6gt: 175 g\/m2<\/p>\n","protected":false},"excerpt":{"rendered":"<p>Kvalitets T-shirt &#8211; Stab<\/p>\n","protected":false},"featured_media":12020,"template":"","meta":{"_acf_changed":false},"product_brand":[],"product_cat":[280],"product_tag":[],"class_list":{"0":"post-12263","1":"product","2":"type-product","3":"status-publish","4":"has-post-thumbnail","6":"product_cat-staff-toej","7":"pa_klublogo-hfefarve","8":"pa_klublogo-hfehvid","9":"pa_sponsoraermestab-redhill","10":"pa_sponsorrygstab-secma","12":"first","13":"instock","14":"taxable","15":"shipping-taxable","16":"purchasable","17":"product-type-variable"},"acf":[],"_links":{"self":[{"href":"https:\/\/cottonhill.dk\/hfe\/wp-json\/wp\/v2\/product\/12263","targetHints":{"allow":["GET"]}}],"collection":[{"href":"https:\/\/cottonhill.dk\/hfe\/wp-json\/wp\/v2\/product"}],"about":[{"href":"https:\/\/cottonhill.dk\/hfe\/wp-json\/wp\/v2\/types\/product"}],"wp:featuredmedia":[{"embeddable":true,"href":"https:\/\/cottonhill.dk\/hfe\/wp-json\/wp\/v2\/media\/12020"}],"wp:attachment":[{"href":"https:\/\/cottonhill.dk\/hfe\/wp-json\/wp\/v2\/media?parent=12263"}],"wp:term":[{"taxonomy":"product_brand","embeddable":true,"href":"https:\/\/cottonhill.dk\/hfe\/wp-json\/wp\/v2\/product_brand?post=12263"},{"taxonomy":"product_cat","embeddable":true,"href":"https:\/\/cottonhill.dk\/hfe\/wp-json\/wp\/v2\/product_cat?post=12263"},{"taxonomy":"product_tag","embeddable":true,"href":"https:\/\/cottonhill.dk\/hfe\/wp-json\/wp\/v2\/product_tag?post=12263"}],"curies":[{"name":"wp","href":"https:\/\/api.w.org\/{rel}","templated":true}]}}