{"id":11738,"date":"2024-04-16T08:58:28","date_gmt":"2024-04-16T07:58:28","guid":{"rendered":"https:\/\/cottonhill.dk\/hfe\/?post_type=product&#038;p=11738"},"modified":"2024-04-16T09:14:44","modified_gmt":"2024-04-16T08:14:44","slug":"cutter-buck-advantage-polo-herre","status":"publish","type":"product","link":"https:\/\/cottonhill.dk\/hfe\/shop\/administration-toej\/cutter-buck-advantage-polo-herre\/","title":{"rendered":"Cutter &#038; Buck Advantage Polo &#8211; Herre"},"content":{"rendered":"<p>En velsiddende polo i CB Drytec bomuld + 35UPF. Designet i et bl\u00f8dt og elastisk stof med fugtbestandig evne. Denne unikke tri-blend kvalitet med bomuld, polyester og spandex g\u00f8r denne polo til et naturligt valg for en aktiv livsstil, et kl\u00e6deskab. Afrundet s\u00f8m langs skulderen giver en moderne og velsiddende pasform.<\/p>\n<p>Materiale: Skalstof: 52% bomuld, 45% polyester, 3% elastan<br \/>\nV\u00e6gt: 190 g\/m2<\/p>\n","protected":false},"excerpt":{"rendered":"<p>DryTec polo<\/p>\n","protected":false},"featured_media":11739,"template":"","meta":{"_acf_changed":false},"product_brand":[],"product_cat":[279],"product_tag":[],"class_list":{"0":"post-11738","1":"product","2":"type-product","3":"status-publish","4":"has-post-thumbnail","6":"product_cat-administration-toej","8":"first","9":"instock","10":"taxable","11":"shipping-taxable","12":"purchasable","13":"product-type-variable"},"acf":[],"_links":{"self":[{"href":"https:\/\/cottonhill.dk\/hfe\/wp-json\/wp\/v2\/product\/11738","targetHints":{"allow":["GET"]}}],"collection":[{"href":"https:\/\/cottonhill.dk\/hfe\/wp-json\/wp\/v2\/product"}],"about":[{"href":"https:\/\/cottonhill.dk\/hfe\/wp-json\/wp\/v2\/types\/product"}],"wp:featuredmedia":[{"embeddable":true,"href":"https:\/\/cottonhill.dk\/hfe\/wp-json\/wp\/v2\/media\/11739"}],"wp:attachment":[{"href":"https:\/\/cottonhill.dk\/hfe\/wp-json\/wp\/v2\/media?parent=11738"}],"wp:term":[{"taxonomy":"product_brand","embeddable":true,"href":"https:\/\/cottonhill.dk\/hfe\/wp-json\/wp\/v2\/product_brand?post=11738"},{"taxonomy":"product_cat","embeddable":true,"href":"https:\/\/cottonhill.dk\/hfe\/wp-json\/wp\/v2\/product_cat?post=11738"},{"taxonomy":"product_tag","embeddable":true,"href":"https:\/\/cottonhill.dk\/hfe\/wp-json\/wp\/v2\/product_tag?post=11738"}],"curies":[{"name":"wp","href":"https:\/\/api.w.org\/{rel}","templated":true}]}}