{"id":12121,"date":"2025-11-28T08:28:24","date_gmt":"2025-11-28T07:28:24","guid":{"rendered":"https:\/\/cottonhill.dk\/gymhelsinge\/?post_type=product&#038;p=12121"},"modified":"2026-04-30T19:39:54","modified_gmt":"2026-04-30T18:39:54","slug":"gymhelsinge-drikkeflaske-650-ml","status":"publish","type":"product","link":"https:\/\/cottonhill.dk\/gymhelsinge\/shop\/admin\/accessories-admin\/gymhelsinge-drikkeflaske-650-ml\/","title":{"rendered":"GymHelsinge Drikkeflaske 650 ml"},"content":{"rendered":"<p>Inkl. 1 farvet rundtryk &#8211; GymHelsinge logo<\/p>\n<p>Den klare drikkeflaske er fremstillet af Eastman Tritan&#x2122;, hvilket g\u00f8r denne flaske BPA-fri, let, holdbar og slagfast. Flasken er enkeltv\u00e6gget og rummer 650 ml v\u00e6ske, og den passer i sidelommen p\u00e5 de fleste rygs\u00e6kke samt i de fleste kopholdere i biler. Twist-on-l\u00e5get sikrer nem \u00e5bning og lukning og har et indbygget b\u00e6reh\u00e5ndtag. Eastman Tritan&#x2122;<\/p>\n<p>3D Visning af flaske: https:\/\/3d.productviewer.online\/?id=sOUkSfHdZ45p<\/p>\n","protected":false},"excerpt":{"rendered":"<p>Inkl. 1 farvet rundtryk &#8211; GymHelsinge logo Den klare drikkeflaske er fremstillet af Eastman Tritan&#x2122;, hvilket g\u00f8r denne flaske BPA-fri, let, holdbar og slagfast. Flasken er enkeltv\u00e6gget og rummer 650 ml v\u00e6ske, og den passer i sidelommen p\u00e5 de fleste rygs\u00e6kke samt i de fleste kopholdere i biler. Twist-on-l\u00e5get sikrer nem \u00e5bning og lukning og [&hellip;]<\/p>\n","protected":false},"featured_media":11583,"template":"","meta":{"_acf_changed":false},"product_brand":[],"product_cat":[292,282,284,279,283,288],"product_tag":[],"class_list":{"0":"post-12121","1":"product","2":"type-product","3":"status-publish","4":"has-post-thumbnail","6":"product_cat-accessories-admin","7":"product_cat-accessories","8":"product_cat-admin","9":"product_cat-kollektion","10":"product_cat-supporter","11":"product_cat-supporter-admin","13":"first","14":"instock","15":"taxable","16":"shipping-taxable","17":"purchasable","18":"product-type-simple"},"exclude_global_add_ons":[],"addons":[],"acf":[],"_links":{"self":[{"href":"https:\/\/cottonhill.dk\/gymhelsinge\/wp-json\/wp\/v2\/product\/12121","targetHints":{"allow":["GET"]}}],"collection":[{"href":"https:\/\/cottonhill.dk\/gymhelsinge\/wp-json\/wp\/v2\/product"}],"about":[{"href":"https:\/\/cottonhill.dk\/gymhelsinge\/wp-json\/wp\/v2\/types\/product"}],"wp:featuredmedia":[{"embeddable":true,"href":"https:\/\/cottonhill.dk\/gymhelsinge\/wp-json\/wp\/v2\/media\/11583"}],"wp:attachment":[{"href":"https:\/\/cottonhill.dk\/gymhelsinge\/wp-json\/wp\/v2\/media?parent=12121"}],"wp:term":[{"taxonomy":"product_brand","embeddable":true,"href":"https:\/\/cottonhill.dk\/gymhelsinge\/wp-json\/wp\/v2\/product_brand?post=12121"},{"taxonomy":"product_cat","embeddable":true,"href":"https:\/\/cottonhill.dk\/gymhelsinge\/wp-json\/wp\/v2\/product_cat?post=12121"},{"taxonomy":"product_tag","embeddable":true,"href":"https:\/\/cottonhill.dk\/gymhelsinge\/wp-json\/wp\/v2\/product_tag?post=12121"}],"curies":[{"name":"wp","href":"https:\/\/api.w.org\/{rel}","templated":true}]}}