{"id":12119,"date":"2025-11-28T08:28:24","date_gmt":"2025-11-28T07:28:24","guid":{"rendered":"https:\/\/cottonhill.dk\/gymhelsinge\/?post_type=product&#038;p=12119"},"modified":"2026-04-30T18:22:16","modified_gmt":"2026-04-30T17:22:16","slug":"gymhelsinge-vandflaske-med-fliplaag-og-tud-650-ml","status":"publish","type":"product","link":"https:\/\/cottonhill.dk\/gymhelsinge\/shop\/admin\/accessories-admin\/gymhelsinge-vandflaske-med-fliplaag-og-tud-650-ml\/","title":{"rendered":"GymHelsinge Vandflaske med flipl\u00e5g og tud 650 ml"},"content":{"rendered":"<p>Inkl. 1 farvet rundtryk &#8211; GymHelsinge logo<\/p>\n<p>Vandflaske med en kapacitet p\u00e5 650 ml og en praktisk vippetud, som er nem at drikke af. Fremstillet af slidst\u00e6rkt Tritan materiale med detaljer i rustfrit st\u00e5l p\u00e5 toppen af flasken. Tritan, PP plast.<\/p>\n<p>3D Visning af flaske: https:\/\/3d.productviewer.online\/?id=PDCA96enEe8Y<\/p>\n","protected":false},"excerpt":{"rendered":"<p>Inkl. 1 farvet rundtryk &#8211; GymHelsinge logo Vandflaske med en kapacitet p\u00e5 650 ml og en praktisk vippetud, som er nem at drikke af. Fremstillet af slidst\u00e6rkt Tritan materiale med detaljer i rustfrit st\u00e5l p\u00e5 toppen af flasken. Tritan, PP plast. 3D Visning af flaske: https:\/\/3d.productviewer.online\/?id=PDCA96enEe8Y<\/p>\n","protected":false},"featured_media":11584,"template":"","meta":{"_acf_changed":false},"product_brand":[],"product_cat":[292,282,284,279,288,283],"product_tag":[],"class_list":{"0":"post-12119","1":"product","2":"type-product","3":"status-publish","4":"has-post-thumbnail","6":"product_cat-accessories-admin","7":"product_cat-accessories","8":"product_cat-admin","9":"product_cat-kollektion","10":"product_cat-supporter-admin","11":"product_cat-supporter","13":"first","14":"instock","15":"taxable","16":"shipping-taxable","17":"purchasable","18":"product-type-simple"},"exclude_global_add_ons":[],"addons":[],"acf":[],"_links":{"self":[{"href":"https:\/\/cottonhill.dk\/gymhelsinge\/wp-json\/wp\/v2\/product\/12119","targetHints":{"allow":["GET"]}}],"collection":[{"href":"https:\/\/cottonhill.dk\/gymhelsinge\/wp-json\/wp\/v2\/product"}],"about":[{"href":"https:\/\/cottonhill.dk\/gymhelsinge\/wp-json\/wp\/v2\/types\/product"}],"wp:featuredmedia":[{"embeddable":true,"href":"https:\/\/cottonhill.dk\/gymhelsinge\/wp-json\/wp\/v2\/media\/11584"}],"wp:attachment":[{"href":"https:\/\/cottonhill.dk\/gymhelsinge\/wp-json\/wp\/v2\/media?parent=12119"}],"wp:term":[{"taxonomy":"product_brand","embeddable":true,"href":"https:\/\/cottonhill.dk\/gymhelsinge\/wp-json\/wp\/v2\/product_brand?post=12119"},{"taxonomy":"product_cat","embeddable":true,"href":"https:\/\/cottonhill.dk\/gymhelsinge\/wp-json\/wp\/v2\/product_cat?post=12119"},{"taxonomy":"product_tag","embeddable":true,"href":"https:\/\/cottonhill.dk\/gymhelsinge\/wp-json\/wp\/v2\/product_tag?post=12119"}],"curies":[{"name":"wp","href":"https:\/\/api.w.org\/{rel}","templated":true}]}}