{"id":12110,"date":"2025-11-28T08:28:21","date_gmt":"2025-11-28T07:28:21","guid":{"rendered":"https:\/\/cottonhill.dk\/gymhelsinge\/?post_type=product&#038;p=12110"},"modified":"2026-05-01T17:30:30","modified_gmt":"2026-05-01T16:30:30","slug":"gymhelsinge-sokker","status":"publish","type":"product","link":"https:\/\/cottonhill.dk\/gymhelsinge\/shop\/admin\/accessories-admin\/gymhelsinge-sokker\/","title":{"rendered":"GymHelsinge sokker"},"content":{"rendered":"<p>Fritidsstr\u00f8mpe med l\u00e6kker komfort og forst\u00e6rket s\u00e5l.<br \/>\n74% bomuld\/24% nylon\/2% elastan<\/p>\n<p>GymHelsinges Bl\u00e5 logo er indv\u00e6vet p\u00e5 begge sider af den hvide str\u00f8mpe<\/p>\n","protected":false},"excerpt":{"rendered":"<p>Fritidsstr\u00f8mpe med l\u00e6kker komfort og forst\u00e6rket s\u00e5l. 74% bomuld\/24% nylon\/2% elastan GymHelsinges Bl\u00e5 logo er indv\u00e6vet p\u00e5 begge sider af den hvide str\u00f8mpe<\/p>\n","protected":false},"featured_media":11587,"template":"","meta":{"_acf_changed":false},"product_brand":[],"product_cat":[292,282,284,279,283,288],"product_tag":[],"class_list":{"0":"post-12110","1":"product","2":"type-product","3":"status-publish","4":"has-post-thumbnail","6":"product_cat-accessories-admin","7":"product_cat-accessories","8":"product_cat-admin","9":"product_cat-kollektion","10":"product_cat-supporter","11":"product_cat-supporter-admin","13":"first","14":"instock","15":"taxable","16":"shipping-taxable","17":"purchasable","18":"product-type-variable"},"exclude_global_add_ons":[],"addons":[],"acf":[],"_links":{"self":[{"href":"https:\/\/cottonhill.dk\/gymhelsinge\/wp-json\/wp\/v2\/product\/12110","targetHints":{"allow":["GET"]}}],"collection":[{"href":"https:\/\/cottonhill.dk\/gymhelsinge\/wp-json\/wp\/v2\/product"}],"about":[{"href":"https:\/\/cottonhill.dk\/gymhelsinge\/wp-json\/wp\/v2\/types\/product"}],"wp:featuredmedia":[{"embeddable":true,"href":"https:\/\/cottonhill.dk\/gymhelsinge\/wp-json\/wp\/v2\/media\/11587"}],"wp:attachment":[{"href":"https:\/\/cottonhill.dk\/gymhelsinge\/wp-json\/wp\/v2\/media?parent=12110"}],"wp:term":[{"taxonomy":"product_brand","embeddable":true,"href":"https:\/\/cottonhill.dk\/gymhelsinge\/wp-json\/wp\/v2\/product_brand?post=12110"},{"taxonomy":"product_cat","embeddable":true,"href":"https:\/\/cottonhill.dk\/gymhelsinge\/wp-json\/wp\/v2\/product_cat?post=12110"},{"taxonomy":"product_tag","embeddable":true,"href":"https:\/\/cottonhill.dk\/gymhelsinge\/wp-json\/wp\/v2\/product_tag?post=12110"}],"curies":[{"name":"wp","href":"https:\/\/api.w.org\/{rel}","templated":true}]}}