{"id":12106,"date":"2025-11-28T08:28:19","date_gmt":"2025-11-28T07:28:19","guid":{"rendered":"https:\/\/cottonhill.dk\/gymhelsinge\/?post_type=product&#038;p=12106"},"modified":"2026-03-13T21:27:34","modified_gmt":"2026-03-13T20:27:34","slug":"gymhelsinge-hoodie-junior","status":"publish","type":"product","link":"https:\/\/cottonhill.dk\/gymhelsinge\/shop\/kollektion\/boern-junior-toej\/gymhelsinge-hoodie-junior\/","title":{"rendered":"GymHelsinge Hoodie Junior"},"content":{"rendered":"<p>Tryk: Bl\u00e5 logo p\u00e5 venstre bryst og Stort Y tryk p\u00e5 ryg<\/p>\n<p>Klassisk b\u00f8rne h\u00e6ttesweatshirt med k\u00e6ngurulomme i ny og opdateret pasform. Rib afslutning \u00e6rmer og forneden. Bl\u00f8d, b\u00f8rstet inderside.<br \/>\n70% bomuld\/25% polyester\/5% viskose<br \/>\n300 g\/m\u00b2<br \/>\nRegular pasform<\/p>\n","protected":false},"excerpt":{"rendered":"<p>Tryk: Bl\u00e5 logo p\u00e5 venstre bryst og Stort Y tryk p\u00e5 ryg Klassisk b\u00f8rne h\u00e6ttesweatshirt med k\u00e6ngurulomme i ny og opdateret pasform. Rib afslutning \u00e6rmer og forneden. Bl\u00f8d, b\u00f8rstet inderside. 70% bomuld\/25% polyester\/5% viskose 300 g\/m\u00b2 Regular pasform<\/p>\n","protected":false},"featured_media":12158,"template":"","meta":{"_acf_changed":false},"product_brand":[],"product_cat":[284,300,285,279],"product_tag":[],"class_list":{"0":"post-12106","1":"product","2":"type-product","3":"status-publish","4":"has-post-thumbnail","6":"product_cat-admin","7":"product_cat-boern-junior-toej","8":"product_cat-id-admin","9":"product_cat-kollektion","11":"first","12":"instock","13":"taxable","14":"shipping-taxable","15":"product-type-variable"},"exclude_global_add_ons":[],"addons":[],"acf":[],"_links":{"self":[{"href":"https:\/\/cottonhill.dk\/gymhelsinge\/wp-json\/wp\/v2\/product\/12106","targetHints":{"allow":["GET"]}}],"collection":[{"href":"https:\/\/cottonhill.dk\/gymhelsinge\/wp-json\/wp\/v2\/product"}],"about":[{"href":"https:\/\/cottonhill.dk\/gymhelsinge\/wp-json\/wp\/v2\/types\/product"}],"wp:featuredmedia":[{"embeddable":true,"href":"https:\/\/cottonhill.dk\/gymhelsinge\/wp-json\/wp\/v2\/media\/12158"}],"wp:attachment":[{"href":"https:\/\/cottonhill.dk\/gymhelsinge\/wp-json\/wp\/v2\/media?parent=12106"}],"wp:term":[{"taxonomy":"product_brand","embeddable":true,"href":"https:\/\/cottonhill.dk\/gymhelsinge\/wp-json\/wp\/v2\/product_brand?post=12106"},{"taxonomy":"product_cat","embeddable":true,"href":"https:\/\/cottonhill.dk\/gymhelsinge\/wp-json\/wp\/v2\/product_cat?post=12106"},{"taxonomy":"product_tag","embeddable":true,"href":"https:\/\/cottonhill.dk\/gymhelsinge\/wp-json\/wp\/v2\/product_tag?post=12106"}],"curies":[{"name":"wp","href":"https:\/\/api.w.org\/{rel}","templated":true}]}}