{"id":12097,"date":"2025-11-28T08:28:16","date_gmt":"2025-11-28T07:28:16","guid":{"rendered":"https:\/\/cottonhill.dk\/gymhelsinge\/?post_type=product&#038;p=12097"},"modified":"2026-03-13T21:22:27","modified_gmt":"2026-03-13T20:22:27","slug":"gymhelsinge-hoodie","status":"publish","type":"product","link":"https:\/\/cottonhill.dk\/gymhelsinge\/shop\/admin\/id-admin\/gymhelsinge-hoodie\/","title":{"rendered":"GymHelsinge Hoodie"},"content":{"rendered":"<p>Tryk: Bl\u00e5 logo p\u00e5 venstre bryst og Stort Y tryk p\u00e5 ryg<\/p>\n<p>Tidl\u00f8s hoodie med k\u00e6ngurulomme i bl\u00f8d sweat kvalitet med b\u00f8rstet inderside. Cross over h\u00e6tte med sn\u00f8rer. Rib ved \u00e6rme og bund. Stor bev\u00e6gelsesfrihed.<br \/>\n70% bomuld\/25% polyester\/5% viskose<br \/>\n290 g\/m\u00b2<br \/>\nLoose pasform &#8211; Unisex st\u00f8rrelse<\/p>\n","protected":false},"excerpt":{"rendered":"<p>Tryk: Bl\u00e5 logo p\u00e5 venstre bryst og Stort Y tryk p\u00e5 ryg Tidl\u00f8s hoodie med k\u00e6ngurulomme i bl\u00f8d sweat kvalitet med b\u00f8rstet inderside. Cross over h\u00e6tte med sn\u00f8rer. Rib ved \u00e6rme og bund. Stor bev\u00e6gelsesfrihed. 70% bomuld\/25% polyester\/5% viskose 290 g\/m\u00b2 Loose pasform &#8211; Unisex st\u00f8rrelse<\/p>\n","protected":false},"featured_media":12160,"template":"","meta":{"_acf_changed":false},"product_brand":[],"product_cat":[284,285,279,301],"product_tag":[],"class_list":{"0":"post-12097","1":"product","2":"type-product","3":"status-publish","4":"has-post-thumbnail","6":"product_cat-admin","7":"product_cat-id-admin","8":"product_cat-kollektion","9":"product_cat-voksen-toej","11":"first","12":"instock","13":"taxable","14":"shipping-taxable","15":"purchasable","16":"product-type-variable"},"exclude_global_add_ons":[],"addons":[],"acf":[],"_links":{"self":[{"href":"https:\/\/cottonhill.dk\/gymhelsinge\/wp-json\/wp\/v2\/product\/12097","targetHints":{"allow":["GET"]}}],"collection":[{"href":"https:\/\/cottonhill.dk\/gymhelsinge\/wp-json\/wp\/v2\/product"}],"about":[{"href":"https:\/\/cottonhill.dk\/gymhelsinge\/wp-json\/wp\/v2\/types\/product"}],"wp:featuredmedia":[{"embeddable":true,"href":"https:\/\/cottonhill.dk\/gymhelsinge\/wp-json\/wp\/v2\/media\/12160"}],"wp:attachment":[{"href":"https:\/\/cottonhill.dk\/gymhelsinge\/wp-json\/wp\/v2\/media?parent=12097"}],"wp:term":[{"taxonomy":"product_brand","embeddable":true,"href":"https:\/\/cottonhill.dk\/gymhelsinge\/wp-json\/wp\/v2\/product_brand?post=12097"},{"taxonomy":"product_cat","embeddable":true,"href":"https:\/\/cottonhill.dk\/gymhelsinge\/wp-json\/wp\/v2\/product_cat?post=12097"},{"taxonomy":"product_tag","embeddable":true,"href":"https:\/\/cottonhill.dk\/gymhelsinge\/wp-json\/wp\/v2\/product_tag?post=12097"}],"curies":[{"name":"wp","href":"https:\/\/api.w.org\/{rel}","templated":true}]}}