{"id":12077,"date":"2025-11-28T08:28:08","date_gmt":"2025-11-28T07:28:08","guid":{"rendered":"https:\/\/cottonhill.dk\/gymhelsinge\/?post_type=product&#038;p=12077"},"modified":"2026-03-13T21:29:49","modified_gmt":"2026-03-13T20:29:49","slug":"gymhelsinge-sweatshirt-oekologisk-herre","status":"publish","type":"product","link":"https:\/\/cottonhill.dk\/gymhelsinge\/shop\/admin\/id-admin\/gymhelsinge-sweatshirt-oekologisk-herre\/","title":{"rendered":"GymHelsinge Sweatshirt | \u00d8kologisk Herre"},"content":{"rendered":"<p>Tryk: Bl\u00e5 logo p\u00e5 venstre bryst og Stort Y tryk p\u00e5 ryg<\/p>\n<p>\u00d8kologisk sweatshirt i bl\u00f8d bomuldskvalitet med l\u00e6kker b\u00f8rstet inderside. Rib ved hals, \u00e6rme og bund samt flotte flatlock stikninger. Sweatshirten er fremstillet i \u00f8kologisk certificeret bomuld efter den strengeste \u00f8kologiske standard &#8211; fra den r\u00e5 bomuld til det f\u00e6rdige produkt under stor hensyntagen til milj\u00f8krav. Sweatshirten er uden nakkem\u00e6rke.<br \/>\n95% \u00f8kologisk bomuld\/5% viskose<br \/>\n300 g\/m\u00b2<br \/>\nRegular pasform<\/p>\n","protected":false},"excerpt":{"rendered":"<p>Tryk: Bl\u00e5 logo p\u00e5 venstre bryst og Stort Y tryk p\u00e5 ryg \u00d8kologisk sweatshirt i bl\u00f8d bomuldskvalitet med l\u00e6kker b\u00f8rstet inderside. Rib ved hals, \u00e6rme og bund samt flotte flatlock stikninger. Sweatshirten er fremstillet i \u00f8kologisk certificeret bomuld efter den strengeste \u00f8kologiske standard &#8211; fra den r\u00e5 bomuld til det f\u00e6rdige produkt under stor hensyntagen [&hellip;]<\/p>\n","protected":false},"featured_media":12166,"template":"","meta":{"_acf_changed":false},"product_brand":[],"product_cat":[284,285,279,301],"product_tag":[],"class_list":{"0":"post-12077","1":"product","2":"type-product","3":"status-publish","4":"has-post-thumbnail","6":"product_cat-admin","7":"product_cat-id-admin","8":"product_cat-kollektion","9":"product_cat-voksen-toej","11":"first","12":"instock","13":"taxable","14":"shipping-taxable","15":"purchasable","16":"product-type-variable"},"exclude_global_add_ons":[],"addons":[],"acf":[],"_links":{"self":[{"href":"https:\/\/cottonhill.dk\/gymhelsinge\/wp-json\/wp\/v2\/product\/12077","targetHints":{"allow":["GET"]}}],"collection":[{"href":"https:\/\/cottonhill.dk\/gymhelsinge\/wp-json\/wp\/v2\/product"}],"about":[{"href":"https:\/\/cottonhill.dk\/gymhelsinge\/wp-json\/wp\/v2\/types\/product"}],"wp:featuredmedia":[{"embeddable":true,"href":"https:\/\/cottonhill.dk\/gymhelsinge\/wp-json\/wp\/v2\/media\/12166"}],"wp:attachment":[{"href":"https:\/\/cottonhill.dk\/gymhelsinge\/wp-json\/wp\/v2\/media?parent=12077"}],"wp:term":[{"taxonomy":"product_brand","embeddable":true,"href":"https:\/\/cottonhill.dk\/gymhelsinge\/wp-json\/wp\/v2\/product_brand?post=12077"},{"taxonomy":"product_cat","embeddable":true,"href":"https:\/\/cottonhill.dk\/gymhelsinge\/wp-json\/wp\/v2\/product_cat?post=12077"},{"taxonomy":"product_tag","embeddable":true,"href":"https:\/\/cottonhill.dk\/gymhelsinge\/wp-json\/wp\/v2\/product_tag?post=12077"}],"curies":[{"name":"wp","href":"https:\/\/api.w.org\/{rel}","templated":true}]}}