{"id":12064,"date":"2025-11-28T08:28:03","date_gmt":"2025-11-28T07:28:03","guid":{"rendered":"https:\/\/cottonhill.dk\/gymhelsinge\/?post_type=product&#038;p=12064"},"modified":"2026-03-13T21:30:36","modified_gmt":"2026-03-13T20:30:36","slug":"gymhelsinge-t-shirt-bomuld-junior","status":"publish","type":"product","link":"https:\/\/cottonhill.dk\/gymhelsinge\/shop\/kollektion\/boern-junior-toej\/gymhelsinge-t-shirt-bomuld-junior\/","title":{"rendered":"GymHelsinge T-shirt Bomuld Junior"},"content":{"rendered":"<p>Tryk: Bl\u00e5 eller hvidt logo p\u00e5 venstre bryst og Stort bl\u00e5 Y tryk p\u00e5 ryg<\/p>\n<p>Klassisk T-shirt med rund hals, fire-lags halsrib og nakke- og skulderb\u00e5nd. Holder faconen vask efter vask.<br \/>\n100% bomuld<br \/>\n175 g\/m\u00b2<br \/>\nRegular pasform<\/p>\n","protected":false},"excerpt":{"rendered":"<p>Tryk: Bl\u00e5 eller hvidt logo p\u00e5 venstre bryst og Stort bl\u00e5 Y tryk p\u00e5 ryg Klassisk T-shirt med rund hals, fire-lags halsrib og nakke- og skulderb\u00e5nd. Holder faconen vask efter vask. 100% bomuld 175 g\/m\u00b2 Regular pasform<\/p>\n","protected":false},"featured_media":12169,"template":"","meta":{"_acf_changed":false},"product_brand":[],"product_cat":[284,300,285,279],"product_tag":[],"class_list":{"0":"post-12064","1":"product","2":"type-product","3":"status-publish","4":"has-post-thumbnail","6":"product_cat-admin","7":"product_cat-boern-junior-toej","8":"product_cat-id-admin","9":"product_cat-kollektion","11":"first","12":"instock","13":"taxable","14":"shipping-taxable","15":"purchasable","16":"product-type-variable"},"exclude_global_add_ons":[],"addons":[],"acf":[],"_links":{"self":[{"href":"https:\/\/cottonhill.dk\/gymhelsinge\/wp-json\/wp\/v2\/product\/12064","targetHints":{"allow":["GET"]}}],"collection":[{"href":"https:\/\/cottonhill.dk\/gymhelsinge\/wp-json\/wp\/v2\/product"}],"about":[{"href":"https:\/\/cottonhill.dk\/gymhelsinge\/wp-json\/wp\/v2\/types\/product"}],"wp:featuredmedia":[{"embeddable":true,"href":"https:\/\/cottonhill.dk\/gymhelsinge\/wp-json\/wp\/v2\/media\/12169"}],"wp:attachment":[{"href":"https:\/\/cottonhill.dk\/gymhelsinge\/wp-json\/wp\/v2\/media?parent=12064"}],"wp:term":[{"taxonomy":"product_brand","embeddable":true,"href":"https:\/\/cottonhill.dk\/gymhelsinge\/wp-json\/wp\/v2\/product_brand?post=12064"},{"taxonomy":"product_cat","embeddable":true,"href":"https:\/\/cottonhill.dk\/gymhelsinge\/wp-json\/wp\/v2\/product_cat?post=12064"},{"taxonomy":"product_tag","embeddable":true,"href":"https:\/\/cottonhill.dk\/gymhelsinge\/wp-json\/wp\/v2\/product_tag?post=12064"}],"curies":[{"name":"wp","href":"https:\/\/api.w.org\/{rel}","templated":true}]}}