{"id":12045,"date":"2025-11-28T08:27:56","date_gmt":"2025-11-28T07:27:56","guid":{"rendered":"https:\/\/cottonhill.dk\/gymhelsinge\/?post_type=product&#038;p=12045"},"modified":"2026-03-13T21:31:56","modified_gmt":"2026-03-13T20:31:56","slug":"gymhelsinge-t-shirt-bomuld-dame","status":"publish","type":"product","link":"https:\/\/cottonhill.dk\/gymhelsinge\/shop\/admin\/id-admin\/gymhelsinge-t-shirt-bomuld-dame\/","title":{"rendered":"GymHelsinge T-shirt Bomuld Dame"},"content":{"rendered":"<p>Tryk: Bl\u00e5\/hvidt logo p\u00e5 venstre bryst og Stort bl\u00e5 Y tryk p\u00e5 ryg<\/p>\n<p>Klassisk T-shirt med feminin O-neck, fire-lags halsrib og nakke- og skulderb\u00e5nd. Holder facon vask efter vask.<br \/>\n100% bomuld<br \/>\n175 g\/m\u00b2<br \/>\nRegular pasform<\/p>\n","protected":false},"excerpt":{"rendered":"<p>Tryk: Bl\u00e5\/hvidt logo p\u00e5 venstre bryst og Stort bl\u00e5 Y tryk p\u00e5 ryg Klassisk T-shirt med feminin O-neck, fire-lags halsrib og nakke- og skulderb\u00e5nd. Holder facon vask efter vask. 100% bomuld 175 g\/m\u00b2 Regular pasform<\/p>\n","protected":false},"featured_media":12177,"template":"","meta":{"_acf_changed":false},"product_brand":[],"product_cat":[284,285,279,301],"product_tag":[],"class_list":{"0":"post-12045","1":"product","2":"type-product","3":"status-publish","4":"has-post-thumbnail","6":"product_cat-admin","7":"product_cat-id-admin","8":"product_cat-kollektion","9":"product_cat-voksen-toej","11":"first","12":"instock","13":"taxable","14":"shipping-taxable","15":"purchasable","16":"product-type-variable"},"exclude_global_add_ons":[],"addons":[],"acf":[],"_links":{"self":[{"href":"https:\/\/cottonhill.dk\/gymhelsinge\/wp-json\/wp\/v2\/product\/12045","targetHints":{"allow":["GET"]}}],"collection":[{"href":"https:\/\/cottonhill.dk\/gymhelsinge\/wp-json\/wp\/v2\/product"}],"about":[{"href":"https:\/\/cottonhill.dk\/gymhelsinge\/wp-json\/wp\/v2\/types\/product"}],"wp:featuredmedia":[{"embeddable":true,"href":"https:\/\/cottonhill.dk\/gymhelsinge\/wp-json\/wp\/v2\/media\/12177"}],"wp:attachment":[{"href":"https:\/\/cottonhill.dk\/gymhelsinge\/wp-json\/wp\/v2\/media?parent=12045"}],"wp:term":[{"taxonomy":"product_brand","embeddable":true,"href":"https:\/\/cottonhill.dk\/gymhelsinge\/wp-json\/wp\/v2\/product_brand?post=12045"},{"taxonomy":"product_cat","embeddable":true,"href":"https:\/\/cottonhill.dk\/gymhelsinge\/wp-json\/wp\/v2\/product_cat?post=12045"},{"taxonomy":"product_tag","embeddable":true,"href":"https:\/\/cottonhill.dk\/gymhelsinge\/wp-json\/wp\/v2\/product_tag?post=12045"}],"curies":[{"name":"wp","href":"https:\/\/api.w.org\/{rel}","templated":true}]}}