{"id":12012,"date":"2025-11-28T08:27:43","date_gmt":"2025-11-28T07:27:43","guid":{"rendered":"https:\/\/cottonhill.dk\/gymhelsinge\/?post_type=product&#038;p=12012"},"modified":"2026-01-09T10:02:29","modified_gmt":"2026-01-09T09:02:29","slug":"gymhelsinge-spoerg-mig-t-shirt-unisex","status":"publish","type":"product","link":"https:\/\/cottonhill.dk\/gymhelsinge\/shop\/admin\/admin-kollektion\/gymhelsinge-spoerg-mig-t-shirt-unisex\/","title":{"rendered":"GymHelsinge SP\u00d8RG MIG T-shirt"},"content":{"rendered":"<p>Tryk: Hvidt logo p\u00e5 venstre bryst og Sp\u00f8rg Mig tryk p\u00e5 ryg<\/p>\n<p>Klassisk T-shirt med rund hals, fire-lags halsrib og nakke- og skulderb\u00e5nd. Holder faconen vask efter vask.<br \/>\n100% bomuld<br \/>\n160 g\/m\u00b2<br \/>\nRegular pasform &#8211; Unisex st\u00f8rrelse<\/p>\n","protected":false},"excerpt":{"rendered":"<p>Tryk: Hvidt logo p\u00e5 venstre bryst og Sp\u00f8rg Mig tryk p\u00e5 ryg Klassisk T-shirt med rund hals, fire-lags halsrib og nakke- og skulderb\u00e5nd. Holder faconen vask efter vask. 100% bomuld 160 g\/m\u00b2 Regular pasform &#8211; Unisex st\u00f8rrelse<\/p>\n","protected":false},"featured_media":12155,"template":"","meta":{"_acf_changed":false},"product_brand":[],"product_cat":[284,290],"product_tag":[],"class_list":{"0":"post-12012","1":"product","2":"type-product","3":"status-publish","4":"has-post-thumbnail","6":"product_cat-admin","7":"product_cat-admin-kollektion","9":"first","10":"instock","11":"taxable","12":"shipping-taxable","13":"purchasable","14":"product-type-variable"},"exclude_global_add_ons":[],"addons":[],"acf":[],"_links":{"self":[{"href":"https:\/\/cottonhill.dk\/gymhelsinge\/wp-json\/wp\/v2\/product\/12012","targetHints":{"allow":["GET"]}}],"collection":[{"href":"https:\/\/cottonhill.dk\/gymhelsinge\/wp-json\/wp\/v2\/product"}],"about":[{"href":"https:\/\/cottonhill.dk\/gymhelsinge\/wp-json\/wp\/v2\/types\/product"}],"wp:featuredmedia":[{"embeddable":true,"href":"https:\/\/cottonhill.dk\/gymhelsinge\/wp-json\/wp\/v2\/media\/12155"}],"wp:attachment":[{"href":"https:\/\/cottonhill.dk\/gymhelsinge\/wp-json\/wp\/v2\/media?parent=12012"}],"wp:term":[{"taxonomy":"product_brand","embeddable":true,"href":"https:\/\/cottonhill.dk\/gymhelsinge\/wp-json\/wp\/v2\/product_brand?post=12012"},{"taxonomy":"product_cat","embeddable":true,"href":"https:\/\/cottonhill.dk\/gymhelsinge\/wp-json\/wp\/v2\/product_cat?post=12012"},{"taxonomy":"product_tag","embeddable":true,"href":"https:\/\/cottonhill.dk\/gymhelsinge\/wp-json\/wp\/v2\/product_tag?post=12012"}],"curies":[{"name":"wp","href":"https:\/\/api.w.org\/{rel}","templated":true}]}}