{"id":11965,"date":"2025-11-28T08:27:25","date_gmt":"2025-11-28T07:27:25","guid":{"rendered":"https:\/\/cottonhill.dk\/gymhelsinge\/?post_type=product&#038;p=11965"},"modified":"2026-03-13T20:46:33","modified_gmt":"2026-03-13T19:46:33","slug":"gymhelsinge-craft-tights-junior","status":"publish","type":"product","link":"https:\/\/cottonhill.dk\/gymhelsinge\/shop\/kollektion\/boern-junior-toej\/gymhelsinge-craft-tights-junior\/","title":{"rendered":"GymHelsinge CRAFT Tights Junior"},"content":{"rendered":"<p>Tryk: Bl\u00e5 logo p\u00e5 venstre l\u00e6g<\/p>\n<p>Rush 2.0 Tights er lette og elastiske tights, der giver effektiv fugttransport og stor bev\u00e6gelsesfrihed under intense fysiske aktiviteter som atletik og gymnastik. Disse tights er lavet af genanvendt polyester og repr\u00e6senterer den nye generation af sportst\u00f8j, der er designet til at mindske milj\u00f8aftrykket. Perfekt til p\u00e5tryk af klub-, sponsor- eller firmalogoer.<\/p>\n<p>\u2022 Fremstillet af genanvendt polyester<br \/>\n\u2022 Sn\u00f8re i taljen for optimal pasform<br \/>\n\u2022 Rent design<\/p>\n","protected":false},"excerpt":{"rendered":"<p>Tryk: Bl\u00e5 logo p\u00e5 venstre l\u00e6g Rush 2.0 Tights er lette og elastiske tights, der giver effektiv fugttransport og stor bev\u00e6gelsesfrihed under intense fysiske aktiviteter som atletik og gymnastik. Disse tights er lavet af genanvendt polyester og repr\u00e6senterer den nye generation af sportst\u00f8j, der er designet til at mindske milj\u00f8aftrykket. Perfekt til p\u00e5tryk af klub-, [&hellip;]<\/p>\n","protected":false},"featured_media":12194,"template":"","meta":{"_acf_changed":false},"product_brand":[],"product_cat":[284,300,286,279],"product_tag":[],"class_list":{"0":"post-11965","1":"product","2":"type-product","3":"status-publish","4":"has-post-thumbnail","6":"product_cat-admin","7":"product_cat-boern-junior-toej","8":"product_cat-craft-admin","9":"product_cat-kollektion","11":"first","12":"instock","13":"taxable","14":"shipping-taxable","15":"purchasable","16":"product-type-variable"},"exclude_global_add_ons":[],"addons":[],"acf":[],"_links":{"self":[{"href":"https:\/\/cottonhill.dk\/gymhelsinge\/wp-json\/wp\/v2\/product\/11965","targetHints":{"allow":["GET"]}}],"collection":[{"href":"https:\/\/cottonhill.dk\/gymhelsinge\/wp-json\/wp\/v2\/product"}],"about":[{"href":"https:\/\/cottonhill.dk\/gymhelsinge\/wp-json\/wp\/v2\/types\/product"}],"wp:featuredmedia":[{"embeddable":true,"href":"https:\/\/cottonhill.dk\/gymhelsinge\/wp-json\/wp\/v2\/media\/12194"}],"wp:attachment":[{"href":"https:\/\/cottonhill.dk\/gymhelsinge\/wp-json\/wp\/v2\/media?parent=11965"}],"wp:term":[{"taxonomy":"product_brand","embeddable":true,"href":"https:\/\/cottonhill.dk\/gymhelsinge\/wp-json\/wp\/v2\/product_brand?post=11965"},{"taxonomy":"product_cat","embeddable":true,"href":"https:\/\/cottonhill.dk\/gymhelsinge\/wp-json\/wp\/v2\/product_cat?post=11965"},{"taxonomy":"product_tag","embeddable":true,"href":"https:\/\/cottonhill.dk\/gymhelsinge\/wp-json\/wp\/v2\/product_tag?post=11965"}],"curies":[{"name":"wp","href":"https:\/\/api.w.org\/{rel}","templated":true}]}}