{"id":11943,"date":"2025-11-28T08:27:16","date_gmt":"2025-11-28T07:27:16","guid":{"rendered":"https:\/\/cottonhill.dk\/gymhelsinge\/?post_type=product&#038;p=11943"},"modified":"2026-03-13T20:48:30","modified_gmt":"2026-03-13T19:48:30","slug":"gymhelsinge-craft-short-tights-dame","status":"publish","type":"product","link":"https:\/\/cottonhill.dk\/gymhelsinge\/shop\/admin\/craft-admin\/gymhelsinge-craft-short-tights-dame\/","title":{"rendered":"GymHelsinge CRAFT Short Tights Dame"},"content":{"rendered":"<p>Tryk: Bl\u00e5 logo p\u00e5 venstre bagl\u00e5r nederst<\/p>\n<p>Rush 2.0 Short Tights er lette og elastiske tights, der giver effektiv fugttransport og stor bev\u00e6gelsesfrihed under intense fysiske aktiviteter som atletik og gymnastik. 2.0-versionen er blevet opdateret med et nyt, st\u00e6rkere og mere elastisk materiale, der holder formen og er mindre gennemsigtigt. Disse tights er lavet af genanvendt polyester og repr\u00e6senterer den nye generation af sportst\u00f8j, der er designet til at mindske milj\u00f8aftrykket. Perfekt til p\u00e5tryk af klub-, sponsor- eller firmalogoer.<\/p>\n<p>\u2022 Fremstillet af genanvendt polyester<br \/>\n\u2022 Rent design<\/p>\n","protected":false},"excerpt":{"rendered":"<p>Tryk: Bl\u00e5 logo p\u00e5 venstre bagl\u00e5r nederst Rush 2.0 Short Tights er lette og elastiske tights, der giver effektiv fugttransport og stor bev\u00e6gelsesfrihed under intense fysiske aktiviteter som atletik og gymnastik. 2.0-versionen er blevet opdateret med et nyt, st\u00e6rkere og mere elastisk materiale, der holder formen og er mindre gennemsigtigt. Disse tights er lavet af [&hellip;]<\/p>\n","protected":false},"featured_media":12202,"template":"","meta":{"_acf_changed":false},"product_brand":[],"product_cat":[284,286,279,301],"product_tag":[],"class_list":{"0":"post-11943","1":"product","2":"type-product","3":"status-publish","4":"has-post-thumbnail","6":"product_cat-admin","7":"product_cat-craft-admin","8":"product_cat-kollektion","9":"product_cat-voksen-toej","11":"first","12":"instock","13":"taxable","14":"shipping-taxable","15":"purchasable","16":"product-type-variable"},"exclude_global_add_ons":[],"addons":[],"acf":[],"_links":{"self":[{"href":"https:\/\/cottonhill.dk\/gymhelsinge\/wp-json\/wp\/v2\/product\/11943","targetHints":{"allow":["GET"]}}],"collection":[{"href":"https:\/\/cottonhill.dk\/gymhelsinge\/wp-json\/wp\/v2\/product"}],"about":[{"href":"https:\/\/cottonhill.dk\/gymhelsinge\/wp-json\/wp\/v2\/types\/product"}],"wp:featuredmedia":[{"embeddable":true,"href":"https:\/\/cottonhill.dk\/gymhelsinge\/wp-json\/wp\/v2\/media\/12202"}],"wp:attachment":[{"href":"https:\/\/cottonhill.dk\/gymhelsinge\/wp-json\/wp\/v2\/media?parent=11943"}],"wp:term":[{"taxonomy":"product_brand","embeddable":true,"href":"https:\/\/cottonhill.dk\/gymhelsinge\/wp-json\/wp\/v2\/product_brand?post=11943"},{"taxonomy":"product_cat","embeddable":true,"href":"https:\/\/cottonhill.dk\/gymhelsinge\/wp-json\/wp\/v2\/product_cat?post=11943"},{"taxonomy":"product_tag","embeddable":true,"href":"https:\/\/cottonhill.dk\/gymhelsinge\/wp-json\/wp\/v2\/product_tag?post=11943"}],"curies":[{"name":"wp","href":"https:\/\/api.w.org\/{rel}","templated":true}]}}