{"id":11901,"date":"2025-11-28T08:26:59","date_gmt":"2025-11-28T07:26:59","guid":{"rendered":"https:\/\/cottonhill.dk\/gymhelsinge\/?post_type=product&#038;p=11901"},"modified":"2026-03-13T20:50:38","modified_gmt":"2026-03-13T19:50:38","slug":"gymhelsinge-craft-ss-tee-dame","status":"publish","type":"product","link":"https:\/\/cottonhill.dk\/gymhelsinge\/shop\/admin\/craft-admin\/gymhelsinge-craft-ss-tee-dame\/","title":{"rendered":"GymHelsinge CRAFT SS Tee Dame"},"content":{"rendered":"<p>Tryk: Bl\u00e5 eller hvidt logo p\u00e5 venstre bryst<\/p>\n<p>Rush 2.0 SS Tee er en let og funktionel tr\u00e6nings-T-shirt, der giver effektiv fugttransport og afk\u00f8ling for optimal komfort under atletik, gymnastik og lignende aktiviteter. T-shirten er lavet af genanvendt polyester og repr\u00e6senterer den nye generation af sportst\u00f8j, der er designet til at mindske milj\u00f8aftrykket. T-shirten har et rent design, der er perfekt til p\u00e5tryk af klub-, sponsor- eller firmalogoer.<\/p>\n<p>\u2022 Fremstillet af genanvendt polyester<br \/>\n\u2022 Funktionelt og elastisk materiale<br \/>\n\u2022 Rent design<\/p>\n","protected":false},"excerpt":{"rendered":"<p>Tryk: Bl\u00e5 eller hvidt logo p\u00e5 venstre bryst Rush 2.0 SS Tee er en let og funktionel tr\u00e6nings-T-shirt, der giver effektiv fugttransport og afk\u00f8ling for optimal komfort under atletik, gymnastik og lignende aktiviteter. T-shirten er lavet af genanvendt polyester og repr\u00e6senterer den nye generation af sportst\u00f8j, der er designet til at mindske milj\u00f8aftrykket. T-shirten har [&hellip;]<\/p>\n","protected":false},"featured_media":12214,"template":"","meta":{"_acf_changed":false},"product_brand":[],"product_cat":[284,286,279,301],"product_tag":[],"class_list":{"0":"post-11901","1":"product","2":"type-product","3":"status-publish","4":"has-post-thumbnail","6":"product_cat-admin","7":"product_cat-craft-admin","8":"product_cat-kollektion","9":"product_cat-voksen-toej","11":"first","12":"instock","13":"taxable","14":"shipping-taxable","15":"purchasable","16":"product-type-variable"},"exclude_global_add_ons":[],"addons":[],"acf":[],"_links":{"self":[{"href":"https:\/\/cottonhill.dk\/gymhelsinge\/wp-json\/wp\/v2\/product\/11901","targetHints":{"allow":["GET"]}}],"collection":[{"href":"https:\/\/cottonhill.dk\/gymhelsinge\/wp-json\/wp\/v2\/product"}],"about":[{"href":"https:\/\/cottonhill.dk\/gymhelsinge\/wp-json\/wp\/v2\/types\/product"}],"wp:featuredmedia":[{"embeddable":true,"href":"https:\/\/cottonhill.dk\/gymhelsinge\/wp-json\/wp\/v2\/media\/12214"}],"wp:attachment":[{"href":"https:\/\/cottonhill.dk\/gymhelsinge\/wp-json\/wp\/v2\/media?parent=11901"}],"wp:term":[{"taxonomy":"product_brand","embeddable":true,"href":"https:\/\/cottonhill.dk\/gymhelsinge\/wp-json\/wp\/v2\/product_brand?post=11901"},{"taxonomy":"product_cat","embeddable":true,"href":"https:\/\/cottonhill.dk\/gymhelsinge\/wp-json\/wp\/v2\/product_cat?post=11901"},{"taxonomy":"product_tag","embeddable":true,"href":"https:\/\/cottonhill.dk\/gymhelsinge\/wp-json\/wp\/v2\/product_tag?post=11901"}],"curies":[{"name":"wp","href":"https:\/\/api.w.org\/{rel}","templated":true}]}}