{"id":11857,"date":"2025-11-28T08:26:40","date_gmt":"2025-11-28T07:26:40","guid":{"rendered":"https:\/\/cottonhill.dk\/gymhelsinge\/?post_type=product&#038;p=11857"},"modified":"2026-03-13T20:53:20","modified_gmt":"2026-03-13T19:53:20","slug":"gymhelsinge-craft-pile-fleece-hz-herre","status":"publish","type":"product","link":"https:\/\/cottonhill.dk\/gymhelsinge\/shop\/admin\/craft-admin\/gymhelsinge-craft-pile-fleece-hz-herre\/","title":{"rendered":"GymHelsinge CRAFT Pile Fleece HZ Herre"},"content":{"rendered":"<p>Tryk: Bl\u00e5 logo p\u00e5 venstre bryst<\/p>\n<p>Join Pile Fleece HZ er en bl\u00f8d og afslappet fleecejersey med halv lynl\u00e5s designet til b\u00e5de udend\u00f8rs eventyr og hverdagsbrug.<\/p>\n<p>Denne alsidige style er lavet af et fleecestof med en glat inderside og en afslappet pasform, og det er perfekt til lag-p\u00e5-lag, enten som et mellemlag eller et yderlag. Er udformet i et rent design med to sidelommer og tommelfingerhuller.<\/p>\n<p>\u2022 Fleecestof med flot look fremstillet af 100% genanvendt polyester<br \/>\n\u2022 Glat inderside<br \/>\n\u2022 To sidelommer<br \/>\n\u2022 Tommelfingerhuller i \u00e6rmeafslutningerne<br \/>\n\u2022 Afslappet pasform<\/p>\n<p>Tryk: Bl\u00e5 logo p\u00e5 venstre bryst<\/p>\n","protected":false},"excerpt":{"rendered":"<p>Tryk: Bl\u00e5 logo p\u00e5 venstre bryst Join Pile Fleece HZ er en bl\u00f8d og afslappet fleecejersey med halv lynl\u00e5s designet til b\u00e5de udend\u00f8rs eventyr og hverdagsbrug. Denne alsidige style er lavet af et fleecestof med en glat inderside og en afslappet pasform, og det er perfekt til lag-p\u00e5-lag, enten som et mellemlag eller et yderlag. [&hellip;]<\/p>\n","protected":false},"featured_media":12229,"template":"","meta":{"_acf_changed":false},"product_brand":[],"product_cat":[284,286,279,301],"product_tag":[],"class_list":{"0":"post-11857","1":"product","2":"type-product","3":"status-publish","4":"has-post-thumbnail","6":"product_cat-admin","7":"product_cat-craft-admin","8":"product_cat-kollektion","9":"product_cat-voksen-toej","11":"first","12":"instock","13":"taxable","14":"shipping-taxable","15":"purchasable","16":"product-type-variable"},"exclude_global_add_ons":[],"addons":[],"acf":[],"_links":{"self":[{"href":"https:\/\/cottonhill.dk\/gymhelsinge\/wp-json\/wp\/v2\/product\/11857","targetHints":{"allow":["GET"]}}],"collection":[{"href":"https:\/\/cottonhill.dk\/gymhelsinge\/wp-json\/wp\/v2\/product"}],"about":[{"href":"https:\/\/cottonhill.dk\/gymhelsinge\/wp-json\/wp\/v2\/types\/product"}],"wp:featuredmedia":[{"embeddable":true,"href":"https:\/\/cottonhill.dk\/gymhelsinge\/wp-json\/wp\/v2\/media\/12229"}],"wp:attachment":[{"href":"https:\/\/cottonhill.dk\/gymhelsinge\/wp-json\/wp\/v2\/media?parent=11857"}],"wp:term":[{"taxonomy":"product_brand","embeddable":true,"href":"https:\/\/cottonhill.dk\/gymhelsinge\/wp-json\/wp\/v2\/product_brand?post=11857"},{"taxonomy":"product_cat","embeddable":true,"href":"https:\/\/cottonhill.dk\/gymhelsinge\/wp-json\/wp\/v2\/product_cat?post=11857"},{"taxonomy":"product_tag","embeddable":true,"href":"https:\/\/cottonhill.dk\/gymhelsinge\/wp-json\/wp\/v2\/product_tag?post=11857"}],"curies":[{"name":"wp","href":"https:\/\/api.w.org\/{rel}","templated":true}]}}