{"id":11821,"date":"2025-11-28T08:26:24","date_gmt":"2025-11-28T07:26:24","guid":{"rendered":"https:\/\/cottonhill.dk\/gymhelsinge\/?post_type=product&#038;p=11821"},"modified":"2026-03-13T20:56:16","modified_gmt":"2026-03-13T19:56:16","slug":"gymhelsinge-craft-heavy-ls-tee-herre","status":"publish","type":"product","link":"https:\/\/cottonhill.dk\/gymhelsinge\/shop\/admin\/craft-admin\/gymhelsinge-craft-heavy-ls-tee-herre\/","title":{"rendered":"GymHelsinge CRAFT Heavy LS Tee Herre"},"content":{"rendered":"<p>Tryk: Bl\u00e5 logo p\u00e5 venstre bryst<\/p>\n<p>Frequent Heavy LS Tee er en afslappet og slidst\u00e6rk lang\u00e6rmet T-shirt, der er perfekt til b\u00e5de rejsedage og hverdagsbrug. Denne alsidige T-shirt er lavet af et kraftigt bomuldsstof og designet med en afslappet pasform, der giver fremragende komfort hele dagen. Perfekt til p\u00e5tryk af klub-, sponsor- eller firmalogoer.<\/p>\n<p>\u2022 Fremstillet af 100 % \u00f8kologisk bomuld (248 gsm).<br \/>\n\u2022 Rent design<br \/>\n\u2022 Afslappet pasform<\/p>\n","protected":false},"excerpt":{"rendered":"<p>Tryk: Bl\u00e5 logo p\u00e5 venstre bryst Frequent Heavy LS Tee er en afslappet og slidst\u00e6rk lang\u00e6rmet T-shirt, der er perfekt til b\u00e5de rejsedage og hverdagsbrug. Denne alsidige T-shirt er lavet af et kraftigt bomuldsstof og designet med en afslappet pasform, der giver fremragende komfort hele dagen. Perfekt til p\u00e5tryk af klub-, sponsor- eller firmalogoer. \u2022 [&hellip;]<\/p>\n","protected":false},"featured_media":12240,"template":"","meta":{"_acf_changed":false},"product_brand":[],"product_cat":[284,286,279,301],"product_tag":[],"class_list":{"0":"post-11821","1":"product","2":"type-product","3":"status-publish","4":"has-post-thumbnail","6":"product_cat-admin","7":"product_cat-craft-admin","8":"product_cat-kollektion","9":"product_cat-voksen-toej","11":"first","12":"instock","13":"taxable","14":"shipping-taxable","15":"purchasable","16":"product-type-variable"},"exclude_global_add_ons":[],"addons":[],"acf":[],"_links":{"self":[{"href":"https:\/\/cottonhill.dk\/gymhelsinge\/wp-json\/wp\/v2\/product\/11821","targetHints":{"allow":["GET"]}}],"collection":[{"href":"https:\/\/cottonhill.dk\/gymhelsinge\/wp-json\/wp\/v2\/product"}],"about":[{"href":"https:\/\/cottonhill.dk\/gymhelsinge\/wp-json\/wp\/v2\/types\/product"}],"wp:featuredmedia":[{"embeddable":true,"href":"https:\/\/cottonhill.dk\/gymhelsinge\/wp-json\/wp\/v2\/media\/12240"}],"wp:attachment":[{"href":"https:\/\/cottonhill.dk\/gymhelsinge\/wp-json\/wp\/v2\/media?parent=11821"}],"wp:term":[{"taxonomy":"product_brand","embeddable":true,"href":"https:\/\/cottonhill.dk\/gymhelsinge\/wp-json\/wp\/v2\/product_brand?post=11821"},{"taxonomy":"product_cat","embeddable":true,"href":"https:\/\/cottonhill.dk\/gymhelsinge\/wp-json\/wp\/v2\/product_cat?post=11821"},{"taxonomy":"product_tag","embeddable":true,"href":"https:\/\/cottonhill.dk\/gymhelsinge\/wp-json\/wp\/v2\/product_tag?post=11821"}],"curies":[{"name":"wp","href":"https:\/\/api.w.org\/{rel}","templated":true}]}}