{"id":11765,"date":"2025-11-28T08:26:07","date_gmt":"2025-11-28T07:26:07","guid":{"rendered":"https:\/\/cottonhill.dk\/gymhelsinge\/?post_type=product&#038;p=11765"},"modified":"2026-03-13T20:59:31","modified_gmt":"2026-03-13T19:59:31","slug":"gymhelsinge-craft-2-in-1-shorts-2-herre","status":"publish","type":"product","link":"https:\/\/cottonhill.dk\/gymhelsinge\/shop\/admin\/craft-admin\/gymhelsinge-craft-2-in-1-shorts-2-herre\/","title":{"rendered":"GymHelsinge CRAFT 2-In-1 Shorts 2 Herre"},"content":{"rendered":"<p>Tryk: Bl\u00e5 logo p\u00e5 h\u00f8jre l\u00e5r<\/p>\n<p>ADV Essence 2-in-1 Shorts 2 er avancerede tr\u00e6ningsshorts fremstillet af v\u00e6vet materiale med stor str\u00e6kbarhed, designet til de fleste former for intense fysiske aktiviteter. Disse yderst funktionelle shorts har indvendige tights, elastisk jerseytalje med snoretr\u00e6k, telefonlomme og to sidelommer.<\/p>\n<p>\u2022 Funktionelt stretchstof fremstillet af genanvendt polyester og elastan<br \/>\n\u2022 Indvendige tights for optimal st\u00f8tte<br \/>\n\u2022 Bred elastisk jersey-linning<br \/>\n\u2022 Justerbar tr\u00e6ksnor indvendigt i taljen<br \/>\n\u2022 Telefonlomme p\u00e5 indvendige tights<br \/>\n\u2022 To sidelommer<br \/>\n\u2022 Refleks-print<br \/>\n\u2022 Inders\u00f8m ca. 18 cm i st\u00f8rrelse M<\/p>\n","protected":false},"excerpt":{"rendered":"<p>Tryk: Bl\u00e5 logo p\u00e5 h\u00f8jre l\u00e5r ADV Essence 2-in-1 Shorts 2 er avancerede tr\u00e6ningsshorts fremstillet af v\u00e6vet materiale med stor str\u00e6kbarhed, designet til de fleste former for intense fysiske aktiviteter. Disse yderst funktionelle shorts har indvendige tights, elastisk jerseytalje med snoretr\u00e6k, telefonlomme og to sidelommer. \u2022 Funktionelt stretchstof fremstillet af genanvendt polyester og elastan \u2022 [&hellip;]<\/p>\n","protected":false},"featured_media":12250,"template":"","meta":{"_acf_changed":false},"product_brand":[],"product_cat":[284,286,279,301],"product_tag":[],"class_list":{"0":"post-11765","1":"product","2":"type-product","3":"status-publish","4":"has-post-thumbnail","6":"product_cat-admin","7":"product_cat-craft-admin","8":"product_cat-kollektion","9":"product_cat-voksen-toej","11":"first","12":"instock","13":"taxable","14":"shipping-taxable","15":"purchasable","16":"product-type-variable"},"exclude_global_add_ons":[],"addons":[],"acf":[],"_links":{"self":[{"href":"https:\/\/cottonhill.dk\/gymhelsinge\/wp-json\/wp\/v2\/product\/11765","targetHints":{"allow":["GET"]}}],"collection":[{"href":"https:\/\/cottonhill.dk\/gymhelsinge\/wp-json\/wp\/v2\/product"}],"about":[{"href":"https:\/\/cottonhill.dk\/gymhelsinge\/wp-json\/wp\/v2\/types\/product"}],"wp:featuredmedia":[{"embeddable":true,"href":"https:\/\/cottonhill.dk\/gymhelsinge\/wp-json\/wp\/v2\/media\/12250"}],"wp:attachment":[{"href":"https:\/\/cottonhill.dk\/gymhelsinge\/wp-json\/wp\/v2\/media?parent=11765"}],"wp:term":[{"taxonomy":"product_brand","embeddable":true,"href":"https:\/\/cottonhill.dk\/gymhelsinge\/wp-json\/wp\/v2\/product_brand?post=11765"},{"taxonomy":"product_cat","embeddable":true,"href":"https:\/\/cottonhill.dk\/gymhelsinge\/wp-json\/wp\/v2\/product_cat?post=11765"},{"taxonomy":"product_tag","embeddable":true,"href":"https:\/\/cottonhill.dk\/gymhelsinge\/wp-json\/wp\/v2\/product_tag?post=11765"}],"curies":[{"name":"wp","href":"https:\/\/api.w.org\/{rel}","templated":true}]}}