{"id":11745,"date":"2025-11-28T08:25:59","date_gmt":"2025-11-28T07:25:59","guid":{"rendered":"https:\/\/cottonhill.dk\/gymhelsinge\/?post_type=product&#038;p=11745"},"modified":"2026-03-13T21:04:35","modified_gmt":"2026-03-13T20:04:35","slug":"gymhelsinge-structure-shorts-herre","status":"publish","type":"product","link":"https:\/\/cottonhill.dk\/gymhelsinge\/shop\/admin\/craft-admin\/gymhelsinge-structure-shorts-herre\/","title":{"rendered":"GymHelsinge Structure Shorts Herre"},"content":{"rendered":"<p>Tryk: Bl\u00e5 logo p\u00e5 h\u00f8jre l\u00e5r<\/p>\n<p>Collective Structure Shorts er komfortable tr\u00e6ningsshorts med en tidl\u00f8s appel, der problemfrit kan bruges til b\u00e5de atletiske aktiviteter og hverdagsliv.<\/p>\n<p>Disse afslappede shorts er fremstillet af et v\u00e6vet polyesterstof med god str\u00e6kbarhed og en jacquard-struktureret overflade, der giver b\u00e5de komfort, ydeevne og stil i lige h\u00f8j grad. Elastisk linning med justerbar sn\u00f8re sikrer en perfekt pasform, mens to sidelommer og en baglomme med lynl\u00e5s giver praktisk opbevaring. H\u00e5ndv\u00e6rk af h\u00f8j kvalitet i alle detaljer.<\/p>\n<p>\u2022 V\u00e6vet str\u00e6kbart stof fremstillet af genanvendt polyester og elastan<br \/>\n\u2022 Jacquard-struktureret overflade<br \/>\n\u2022 Justerbar sn\u00f8re i taljen<br \/>\n\u2022 To sidelommer<br \/>\n\u2022 Baglomme med lynl\u00e5s<br \/>\n\u2022 Normal pasform<\/p>\n","protected":false},"excerpt":{"rendered":"<p>Tryk: Bl\u00e5 logo p\u00e5 h\u00f8jre l\u00e5r Collective Structure Shorts er komfortable tr\u00e6ningsshorts med en tidl\u00f8s appel, der problemfrit kan bruges til b\u00e5de atletiske aktiviteter og hverdagsliv. Disse afslappede shorts er fremstillet af et v\u00e6vet polyesterstof med god str\u00e6kbarhed og en jacquard-struktureret overflade, der giver b\u00e5de komfort, ydeevne og stil i lige h\u00f8j grad. Elastisk linning [&hellip;]<\/p>\n","protected":false},"featured_media":12258,"template":"","meta":{"_acf_changed":false},"product_brand":[],"product_cat":[284,286,279,301],"product_tag":[],"class_list":{"0":"post-11745","1":"product","2":"type-product","3":"status-publish","4":"has-post-thumbnail","6":"product_cat-admin","7":"product_cat-craft-admin","8":"product_cat-kollektion","9":"product_cat-voksen-toej","11":"first","12":"instock","13":"taxable","14":"shipping-taxable","15":"purchasable","16":"product-type-variable"},"exclude_global_add_ons":[],"addons":[],"acf":[],"_links":{"self":[{"href":"https:\/\/cottonhill.dk\/gymhelsinge\/wp-json\/wp\/v2\/product\/11745","targetHints":{"allow":["GET"]}}],"collection":[{"href":"https:\/\/cottonhill.dk\/gymhelsinge\/wp-json\/wp\/v2\/product"}],"about":[{"href":"https:\/\/cottonhill.dk\/gymhelsinge\/wp-json\/wp\/v2\/types\/product"}],"wp:featuredmedia":[{"embeddable":true,"href":"https:\/\/cottonhill.dk\/gymhelsinge\/wp-json\/wp\/v2\/media\/12258"}],"wp:attachment":[{"href":"https:\/\/cottonhill.dk\/gymhelsinge\/wp-json\/wp\/v2\/media?parent=11745"}],"wp:term":[{"taxonomy":"product_brand","embeddable":true,"href":"https:\/\/cottonhill.dk\/gymhelsinge\/wp-json\/wp\/v2\/product_brand?post=11745"},{"taxonomy":"product_cat","embeddable":true,"href":"https:\/\/cottonhill.dk\/gymhelsinge\/wp-json\/wp\/v2\/product_cat?post=11745"},{"taxonomy":"product_tag","embeddable":true,"href":"https:\/\/cottonhill.dk\/gymhelsinge\/wp-json\/wp\/v2\/product_tag?post=11745"}],"curies":[{"name":"wp","href":"https:\/\/api.w.org\/{rel}","templated":true}]}}