{"id":11732,"date":"2025-11-28T08:25:52","date_gmt":"2025-11-28T07:25:52","guid":{"rendered":"https:\/\/cottonhill.dk\/gymhelsinge\/?post_type=product&#038;p=11732"},"modified":"2026-03-13T21:01:29","modified_gmt":"2026-03-13T20:01:29","slug":"gymhelsinge-craft-7-8-tights-dame","status":"publish","type":"product","link":"https:\/\/cottonhill.dk\/gymhelsinge\/shop\/admin\/craft-admin\/gymhelsinge-craft-7-8-tights-dame\/","title":{"rendered":"GymHelsinge CRAFT 7\/8 Tights Dame"},"content":{"rendered":"<p>Tryk: Bl\u00e5 logo p\u00e5 venstre l\u00e6g<\/p>\n<p>Collective 7\/8 Tights er us\u00e6dvanligt bl\u00f8de og str\u00e6kbare tr\u00e6ningstights med et tidl\u00f8st design, der kan bruges til b\u00e5de tr\u00e6ning og hverdag \u2013 og sikrer, at du forbliver komfortabel og stilfuld hele dagen.<\/p>\n<p>Denne alsidige tr\u00e6nings-bekl\u00e6dningsgenstand er designet til ultimativ komfort og er fremstillet af en str\u00e6kbar polyesterblanding med en dunet overflade, der giver en luksuri\u00f8s bl\u00f8d fornemmelse og fremragende tilbagetr\u00e6kning. Tightsene har ogs\u00e5 7\/8-lange ben og en h\u00f8j talje for \u00f8get komfort. H\u00e5ndv\u00e6rk af h\u00f8j kvalitet i alle detaljer.<\/p>\n<p>\u2022 Meget bl\u00f8dt og elastisk stof fremstillet af genanvendt polyester og elastan<br \/>\n\u2022 Dunet overflade<br \/>\n\u2022 H\u00f8j talje<br \/>\n\u2022 7\/8 lange ben<\/p>\n","protected":false},"excerpt":{"rendered":"<p>Tryk: Bl\u00e5 logo p\u00e5 venstre l\u00e6g Collective 7\/8 Tights er us\u00e6dvanligt bl\u00f8de og str\u00e6kbare tr\u00e6ningstights med et tidl\u00f8st design, der kan bruges til b\u00e5de tr\u00e6ning og hverdag \u2013 og sikrer, at du forbliver komfortabel og stilfuld hele dagen. Denne alsidige tr\u00e6nings-bekl\u00e6dningsgenstand er designet til ultimativ komfort og er fremstillet af en str\u00e6kbar polyesterblanding med en [&hellip;]<\/p>\n","protected":false},"featured_media":12260,"template":"","meta":{"_acf_changed":false},"product_brand":[],"product_cat":[284,286,279,301],"product_tag":[],"class_list":{"0":"post-11732","1":"product","2":"type-product","3":"status-publish","4":"has-post-thumbnail","6":"product_cat-admin","7":"product_cat-craft-admin","8":"product_cat-kollektion","9":"product_cat-voksen-toej","11":"first","12":"instock","13":"taxable","14":"shipping-taxable","15":"purchasable","16":"product-type-variable"},"exclude_global_add_ons":[],"addons":[],"acf":[],"_links":{"self":[{"href":"https:\/\/cottonhill.dk\/gymhelsinge\/wp-json\/wp\/v2\/product\/11732","targetHints":{"allow":["GET"]}}],"collection":[{"href":"https:\/\/cottonhill.dk\/gymhelsinge\/wp-json\/wp\/v2\/product"}],"about":[{"href":"https:\/\/cottonhill.dk\/gymhelsinge\/wp-json\/wp\/v2\/types\/product"}],"wp:featuredmedia":[{"embeddable":true,"href":"https:\/\/cottonhill.dk\/gymhelsinge\/wp-json\/wp\/v2\/media\/12260"}],"wp:attachment":[{"href":"https:\/\/cottonhill.dk\/gymhelsinge\/wp-json\/wp\/v2\/media?parent=11732"}],"wp:term":[{"taxonomy":"product_brand","embeddable":true,"href":"https:\/\/cottonhill.dk\/gymhelsinge\/wp-json\/wp\/v2\/product_brand?post=11732"},{"taxonomy":"product_cat","embeddable":true,"href":"https:\/\/cottonhill.dk\/gymhelsinge\/wp-json\/wp\/v2\/product_cat?post=11732"},{"taxonomy":"product_tag","embeddable":true,"href":"https:\/\/cottonhill.dk\/gymhelsinge\/wp-json\/wp\/v2\/product_tag?post=11732"}],"curies":[{"name":"wp","href":"https:\/\/api.w.org\/{rel}","templated":true}]}}